{"id":889,"date":"2019-11-06T13:27:21","date_gmt":"2019-11-06T13:27:21","guid":{"rendered":"https:\/\/thegov.wgl-demo.net\/?page_id=889"},"modified":"2023-01-21T03:23:41","modified_gmt":"2023-01-21T03:23:41","slug":"organigrama-consejeros","status":"publish","type":"page","link":"https:\/\/cpgcolombia.org\/index.php\/organigrama-consejeros\/","title":{"rendered":"Organigrama Consejeros"},"content":{"rendered":"\t\t<div data-elementor-type=\"wp-page\" data-elementor-id=\"889\" class=\"elementor elementor-889\">\n\t\t\t\t\t\t<section class=\"elementor-section elementor-top-section elementor-element elementor-element-3cf480d elementor-section-boxed elementor-section-height-default elementor-section-height-default\" data-id=\"3cf480d\" data-element_type=\"section\" data-e-type=\"section\">\n\t\t\t\t\t\t<div class=\"elementor-container elementor-column-gap-default\">\n\t\t\t\t\t<div class=\"elementor-column elementor-col-100 elementor-top-column elementor-element elementor-element-5bcaecb\" data-id=\"5bcaecb\" data-element_type=\"column\" data-e-type=\"column\">\n\t\t\t<div class=\"elementor-widget-wrap elementor-element-populated\">\n\t\t\t\t\t\t<div class=\"elementor-element elementor-element-8fc46aa divider_yes elementor-widget elementor-widget-wgl-double-headings\" data-id=\"8fc46aa\" data-element_type=\"widget\" data-e-type=\"widget\" data-widget_type=\"wgl-double-headings.default\">\n\t\t\t\t<div class=\"elementor-widget-container\">\n\t\t\t\t\t<div class=\"wgl-double_heading acenter\">                <h3 class=\"dbl-title_wrapper\"><span class=\"dbl-title dbl-title_1\">CONSEJEROS<\/span>                 <\/h3>        <\/div>\t\t\t\t<\/div>\n\t\t\t\t<\/div>\n\t\t\t\t\t<\/div>\n\t\t<\/div>\n\t\t\t\t\t<\/div>\n\t\t<\/section>\n\t\t\t\t<section class=\"elementor-section elementor-top-section elementor-element elementor-element-cde0631 elementor-section-boxed elementor-section-height-default elementor-section-height-default\" data-id=\"cde0631\" data-element_type=\"section\" data-e-type=\"section\">\n\t\t\t\t\t\t<div class=\"elementor-container elementor-column-gap-default\">\n\t\t\t\t\t<div class=\"elementor-column elementor-col-100 elementor-top-column elementor-element elementor-element-6b107c5\" data-id=\"6b107c5\" data-element_type=\"column\" data-e-type=\"column\">\n\t\t\t<div class=\"elementor-widget-wrap elementor-element-populated\">\n\t\t\t\t\t\t<div class=\"elementor-element elementor-element-325f4f2 elementor-widget elementor-widget-spacer\" data-id=\"325f4f2\" data-element_type=\"widget\" data-e-type=\"widget\" data-widget_type=\"spacer.default\">\n\t\t\t\t<div class=\"elementor-widget-container\">\n\t\t\t\t\t\t\t<div class=\"elementor-spacer\">\n\t\t\t<div class=\"elementor-spacer-inner\"><\/div>\n\t\t<\/div>\n\t\t\t\t\t\t<\/div>\n\t\t\t\t<\/div>\n\t\t\t\t\t<\/div>\n\t\t<\/div>\n\t\t\t\t\t<\/div>\n\t\t<\/section>\n\t\t\t\t<section class=\"elementor-section elementor-top-section elementor-element elementor-element-8b0d6a3 elementor-section-boxed elementor-section-height-default elementor-section-height-default\" data-id=\"8b0d6a3\" data-element_type=\"section\" data-e-type=\"section\">\n\t\t\t\t\t\t<div class=\"elementor-container elementor-column-gap-default\">\n\t\t\t\t\t<div class=\"elementor-column elementor-col-100 elementor-top-column elementor-element elementor-element-69b1108\" data-id=\"69b1108\" data-element_type=\"column\" data-e-type=\"column\">\n\t\t\t<div class=\"elementor-widget-wrap elementor-element-populated\">\n\t\t\t\t\t\t<div class=\"elementor-element elementor-element-e381560 elementor-widget elementor-widget-text-editor\" data-id=\"e381560\" data-element_type=\"widget\" data-e-type=\"widget\" data-widget_type=\"text-editor.default\">\n\t\t\t\t<div class=\"elementor-widget-container\">\n\t\t\t\t\t\t\t\t\t<p style=\"text-align: center;\"><span>El CPG est\u00e1 integrado por los representantes de las universidades que imparten la carrera de Geolog\u00eda en el territorio nacional, por uno del Ministerio de Minas y Energ\u00eda y dos de AGUNAL (Asociaci\u00f3n de Ge\u00f3logos Egresados de la Universidad Nacional).<\/span><\/p>\t\t\t\t\t\t\t\t<\/div>\n\t\t\t\t<\/div>\n\t\t\t\t\t<\/div>\n\t\t<\/div>\n\t\t\t\t\t<\/div>\n\t\t<\/section>\n\t\t\t\t<section class=\"elementor-section elementor-top-section elementor-element elementor-element-868f285 elementor-section-boxed elementor-section-height-default elementor-section-height-default\" data-id=\"868f285\" data-element_type=\"section\" data-e-type=\"section\">\n\t\t\t\t\t\t<div class=\"elementor-container elementor-column-gap-default\">\n\t\t\t\t\t<div class=\"elementor-column elementor-col-100 elementor-top-column elementor-element elementor-element-212c77d\" data-id=\"212c77d\" data-element_type=\"column\" data-e-type=\"column\">\n\t\t\t<div class=\"elementor-widget-wrap elementor-element-populated\">\n\t\t\t\t\t\t<div class=\"elementor-element elementor-element-d7c006e elementor-widget elementor-widget-spacer\" data-id=\"d7c006e\" data-element_type=\"widget\" data-e-type=\"widget\" data-widget_type=\"spacer.default\">\n\t\t\t\t<div class=\"elementor-widget-container\">\n\t\t\t\t\t\t\t<div class=\"elementor-spacer\">\n\t\t\t<div class=\"elementor-spacer-inner\"><\/div>\n\t\t<\/div>\n\t\t\t\t\t\t<\/div>\n\t\t\t\t<\/div>\n\t\t\t\t\t<\/div>\n\t\t<\/div>\n\t\t\t\t\t<\/div>\n\t\t<\/section>\n\t\t\t\t<section class=\"elementor-section elementor-top-section elementor-element elementor-element-0c44723 elementor-section-boxed elementor-section-height-default elementor-section-height-default\" data-id=\"0c44723\" data-element_type=\"section\" data-e-type=\"section\">\n\t\t\t\t\t\t<div class=\"elementor-container elementor-column-gap-default\">\n\t\t\t\t\t<div class=\"elementor-column elementor-col-100 elementor-top-column elementor-element elementor-element-7bbac96\" data-id=\"7bbac96\" data-element_type=\"column\" data-e-type=\"column\">\n\t\t\t<div class=\"elementor-widget-wrap elementor-element-populated\">\n\t\t\t\t\t\t<div class=\"elementor-element elementor-element-ac0c55b elementor-widget elementor-widget-wgl-team\" data-id=\"ac0c55b\" data-element_type=\"widget\" data-e-type=\"widget\" data-widget_type=\"wgl-team.default\">\n\t\t\t\t<div class=\"elementor-widget-container\">\n\t\t\t\t\t\r\n        <div class=\"wgl_module_team team-col_4 aleft\">\r\n            <div class=\"team-items_wrap\">\r\n                <div class=\"team-item\"><div class=\"team-item_wrap\"><div class=\"team-item_content\"><div class=\"team-image\"><a href=\"https:\/\/cpgcolombia.org\/index.php\/team\/illich-villamizar\/\"><img decoding=\"async\" src=\"https:\/\/cpgcolombia.org\/app\/uploads\/2019\/11\/consejero_ilich-min-540x600.jpg\" alt=\"\" \/><\/a><\/div><\/div><div class=\"team-item_info\"><div class=\"team-item_titles\"><h2 class=\"team-title\"><a href=\"https:\/\/cpgcolombia.org\/index.php\/team\/illich-villamizar\/\">Ilich Sebastian Villamizar<\/a><\/h2><div class=\"team-meta_info\"><div class=\"team-department\">Representante Universidad de Pamplona  - Presidente CPG<\/div><\/div><\/div><\/div><\/div><\/div><div class=\"team-item\"><div class=\"team-item_wrap\"><div class=\"team-item_content\"><div class=\"team-image\"><a href=\"https:\/\/cpgcolombia.org\/index.php\/team\/francisco-alberto-velandia-patino\/\"><img decoding=\"async\" src=\"https:\/\/cpgcolombia.org\/app\/uploads\/2019\/11\/francisco_velandia_UIS-min-540x600.jpg\" alt=\"\" \/><\/a><\/div><\/div><div class=\"team-item_info\"><div class=\"team-item_titles\"><h2 class=\"team-title\"><a href=\"https:\/\/cpgcolombia.org\/index.php\/team\/francisco-alberto-velandia-patino\/\">Francisco Alberto Velandia Pati\u00f1o<\/a><\/h2><div class=\"team-meta_info\"><div class=\"team-department\">REPRESENTANTE UNIVERSIDAD INDUSTRIAL DE SANTANDER - vicepresidente CPG<\/div><\/div><\/div><\/div><\/div><\/div><div class=\"team-item\"><div class=\"team-item_wrap\"><div class=\"team-item_content\"><div class=\"team-image\"><a href=\"https:\/\/cpgcolombia.org\/index.php\/team\/marcela-penalosa\/\"><img decoding=\"async\" src=\"https:\/\/cpgcolombia.org\/app\/uploads\/2019\/11\/marcela_penalosa-min-540x600.jpg\" alt=\"\" \/><\/a><\/div><\/div><div class=\"team-item_info\"><div class=\"team-item_titles\"><h2 class=\"team-title\"><a href=\"https:\/\/cpgcolombia.org\/index.php\/team\/marcela-penalosa\/\">Marcela Patricia Pe\u00f1alosa Pedrosa<\/a><\/h2><div class=\"team-meta_info\"><div class=\"team-department\">Representante UDES - Secretaria CPG<\/div><\/div><\/div><\/div><\/div><\/div><div class=\"team-item\"><div class=\"team-item_wrap\"><div class=\"team-item_content\"><div class=\"team-image\"><a href=\"https:\/\/cpgcolombia.org\/index.php\/team\/jose-fernando-duque-trujillo\/\"><img decoding=\"async\" src=\"https:\/\/cpgcolombia.org\/app\/uploads\/2019\/11\/fernando_duque_EAFIT-min-540x600.jpg\" alt=\"\" \/><\/a><\/div><\/div><div class=\"team-item_info\"><div class=\"team-item_titles\"><h2 class=\"team-title\"><a href=\"https:\/\/cpgcolombia.org\/index.php\/team\/jose-fernando-duque-trujillo\/\">Jos\u00e9 Fernando Duque Trujillo<\/a><\/h2><div class=\"team-meta_info\"><div class=\"team-department\">Representante Universidad Eafit - Tesorero CPG<\/div><\/div><\/div><\/div><\/div><\/div><div class=\"team-item\"><div class=\"team-item_wrap\"><div class=\"team-item_content\"><div class=\"team-image\"><a href=\"https:\/\/cpgcolombia.org\/index.php\/team\/hector-julio-fierro-morales\/\"><img decoding=\"async\" src=\"https:\/\/cpgcolombia.org\/app\/uploads\/2023\/02\/consejero_jfierro-min-540x600.jpg\" alt=\"\" \/><\/a><\/div><\/div><div class=\"team-item_info\"><div class=\"team-item_titles\"><h2 class=\"team-title\"><a href=\"https:\/\/cpgcolombia.org\/index.php\/team\/hector-julio-fierro-morales\/\">H\u00e9ctor Julio Fierro Morales<\/a><\/h2><div class=\"team-meta_info\"><div class=\"team-department\">REPRESENTANTE MINISTERIO DE MINAS Y ENERG\u00cdA<\/div><\/div><\/div><\/div><\/div><\/div><div class=\"team-item\"><div class=\"team-item_wrap\"><div class=\"team-item_content\"><div class=\"team-image\"><\/div><\/div><div class=\"team-item_info\"><div class=\"team-item_titles\"><h2 class=\"team-title\"><a href=\"https:\/\/cpgcolombia.org\/index.php\/team\/lorena-rayo\/\">Lorena Rayo<\/a><\/h2><div class=\"team-meta_info\"><div class=\"team-department\">Representante Suplente Ministerio de Minas y Energ\u00eda<\/div><\/div><\/div><\/div><\/div><\/div><div class=\"team-item\"><div class=\"team-item_wrap\"><div class=\"team-item_content\"><div class=\"team-image\"><\/div><\/div><div class=\"team-item_info\"><div class=\"team-item_titles\"><h2 class=\"team-title\"><a href=\"https:\/\/cpgcolombia.org\/index.php\/team\/maria-yolanda-aguirre-ospina\/\">Mar\u00eda Yolanda Aguirre Ospina<\/a><\/h2><div class=\"team-meta_info\"><div class=\"team-department\">Representante Universidad de Caldas<\/div><\/div><\/div><\/div><\/div><\/div><div class=\"team-item\"><div class=\"team-item_wrap\"><div class=\"team-item_content\"><div class=\"team-image\"><a href=\"https:\/\/cpgcolombia.org\/index.php\/team\/simon-ricardo-garcia\/\"><img decoding=\"async\" src=\"https:\/\/cpgcolombia.org\/app\/uploads\/2019\/11\/simon_garcia_AGUNAL-min-540x600.jpg\" alt=\"\" \/><\/a><\/div><\/div><div class=\"team-item_info\"><div class=\"team-item_titles\"><h2 class=\"team-title\"><a href=\"https:\/\/cpgcolombia.org\/index.php\/team\/simon-ricardo-garcia\/\">Sim\u00f3n Ricardo Garc\u00eda<\/a><\/h2><div class=\"team-meta_info\"><div class=\"team-department\">Representante AGUNAL <\/div><\/div><\/div><\/div><\/div><\/div><div class=\"team-item\"><div class=\"team-item_wrap\"><div class=\"team-item_content\"><div class=\"team-image\"><a href=\"https:\/\/cpgcolombia.org\/index.php\/team\/camila-savine-luengas\/\"><img decoding=\"async\" src=\"https:\/\/cpgcolombia.org\/app\/uploads\/2026\/05\/camila_savine_min-540x600.png\" alt=\"\" \/><\/a><\/div><\/div><div class=\"team-item_info\"><div class=\"team-item_titles\"><h2 class=\"team-title\"><a href=\"https:\/\/cpgcolombia.org\/index.php\/team\/camila-savine-luengas\/\">Camila Savine Luengas\u00a0<\/a><\/h2><div class=\"team-meta_info\"><div class=\"team-department\">Representante AGUNAL <\/div><\/div><\/div><\/div><\/div><\/div><div class=\"team-item\"><div class=\"team-item_wrap\"><div class=\"team-item_content\"><div class=\"team-image\"><\/div><\/div><div class=\"team-item_info\"><div class=\"team-item_titles\"><h2 class=\"team-title\"><a href=\"https:\/\/cpgcolombia.org\/index.php\/team\/manuel-arnulfo-paez\/\">Manuel Arnulfo P\u00e1ez<\/a><\/h2><div class=\"team-meta_info\"><div class=\"team-department\">Representante Delegado de la Universidad Nacional<\/div><\/div><\/div><\/div><\/div><\/div><div class=\"team-item\"><div class=\"team-item_wrap\"><div class=\"team-item_content\"><div class=\"team-image\"><a href=\"https:\/\/cpgcolombia.org\/index.php\/team\/felipe-lamus-ochoa\/\"><img decoding=\"async\" src=\"https:\/\/cpgcolombia.org\/app\/uploads\/2019\/11\/felipe_lamus_NORTE-min-540x600.jpg\" alt=\"\" \/><\/a><\/div><\/div><div class=\"team-item_info\"><div class=\"team-item_titles\"><h2 class=\"team-title\"><a href=\"https:\/\/cpgcolombia.org\/index.php\/team\/felipe-lamus-ochoa\/\">Felipe Lamus Ochoa<\/a><\/h2><div class=\"team-meta_info\"><div class=\"team-department\">Representante Universidad del Norte<\/div><\/div><\/div><\/div><\/div><\/div><div class=\"team-item\"><div class=\"team-item_wrap\"><div class=\"team-item_content\"><div class=\"team-image\"><a href=\"https:\/\/cpgcolombia.org\/index.php\/team\/maria-isabel-sierra-rojas\/\"><img decoding=\"async\" src=\"https:\/\/cpgcolombia.org\/app\/uploads\/2026\/05\/maria_isabel_sierra_min-540x600.png\" alt=\"\" \/><\/a><\/div><\/div><div class=\"team-item_info\"><div class=\"team-item_titles\"><h2 class=\"team-title\"><a href=\"https:\/\/cpgcolombia.org\/index.php\/team\/maria-isabel-sierra-rojas\/\">Maria Isabel Sierra Rojas<\/a><\/h2><div class=\"team-meta_info\"><div class=\"team-department\">Representante Universidad de los Andes<\/div><\/div><\/div><\/div><\/div><\/div>            <\/div>\r\n        <\/div>\r\n\r\n        \t\t\t\t<\/div>\n\t\t\t\t<\/div>\n\t\t\t\t\t<\/div>\n\t\t<\/div>\n\t\t\t\t\t<\/div>\n\t\t<\/section>\n\t\t\t\t<\/div>\n\t\t","protected":false},"excerpt":{"rendered":"<p>CONSEJEROS El CPG est\u00e1 integrado por los representantes de las universidades que imparten la carrera de Geolog\u00eda en el territorio nacional, por uno del Ministerio de Minas y Energ\u00eda y dos de AGUNAL (Asociaci\u00f3n de Ge\u00f3logos Egresados de la Universidad Nacional). Jorge Arley Meza Representante UDES Jos\u00e9 Luis Naranjo Representante Universidad de Caldas Nadejda Tchegliakova [&hellip;]<\/p>\n","protected":false},"author":1,"featured_media":0,"parent":0,"menu_order":0,"comment_status":"closed","ping_status":"closed","template":"","meta":{"_joinchat":[],"footnotes":""},"class_list":["post-889","page","type-page","status-publish","hentry"],"_links":{"self":[{"href":"https:\/\/cpgcolombia.org\/index.php\/wp-json\/wp\/v2\/pages\/889","targetHints":{"allow":["GET"]}}],"collection":[{"href":"https:\/\/cpgcolombia.org\/index.php\/wp-json\/wp\/v2\/pages"}],"about":[{"href":"https:\/\/cpgcolombia.org\/index.php\/wp-json\/wp\/v2\/types\/page"}],"author":[{"embeddable":true,"href":"https:\/\/cpgcolombia.org\/index.php\/wp-json\/wp\/v2\/users\/1"}],"replies":[{"embeddable":true,"href":"https:\/\/cpgcolombia.org\/index.php\/wp-json\/wp\/v2\/comments?post=889"}],"version-history":[{"count":49,"href":"https:\/\/cpgcolombia.org\/index.php\/wp-json\/wp\/v2\/pages\/889\/revisions"}],"predecessor-version":[{"id":3602,"href":"https:\/\/cpgcolombia.org\/index.php\/wp-json\/wp\/v2\/pages\/889\/revisions\/3602"}],"wp:attachment":[{"href":"https:\/\/cpgcolombia.org\/index.php\/wp-json\/wp\/v2\/media?parent=889"}],"curies":[{"name":"wp","href":"https:\/\/api.w.org\/{rel}","templated":true}]}}