{"id":5509,"date":"2025-04-17T02:46:11","date_gmt":"2025-04-17T02:46:11","guid":{"rendered":"https:\/\/cpgcolombia.org\/?page_id=5509"},"modified":"2025-07-14T16:56:30","modified_gmt":"2025-07-14T16:56:30","slug":"faq","status":"publish","type":"page","link":"https:\/\/cpgcolombia.org\/index.php\/faq\/","title":{"rendered":"Preguntas Frecuentes"},"content":{"rendered":"\t\t<div data-elementor-type=\"wp-page\" data-elementor-id=\"5509\" class=\"elementor elementor-5509\">\n\t\t\t\t\t\t<section class=\"elementor-section elementor-top-section elementor-element elementor-element-7043723 elementor-section-boxed elementor-section-height-default elementor-section-height-default\" data-id=\"7043723\" data-element_type=\"section\" data-e-type=\"section\">\n\t\t\t\t\t\t<div class=\"elementor-container elementor-column-gap-default\">\n\t\t\t\t\t<div class=\"elementor-column elementor-col-100 elementor-top-column elementor-element elementor-element-73b425f\" data-id=\"73b425f\" data-element_type=\"column\" data-e-type=\"column\">\n\t\t\t<div class=\"elementor-widget-wrap elementor-element-populated\">\n\t\t\t\t\t\t<div class=\"elementor-element elementor-element-bb82e97 elementor-widget elementor-widget-spacer\" data-id=\"bb82e97\" data-element_type=\"widget\" data-e-type=\"widget\" data-widget_type=\"spacer.default\">\n\t\t\t\t<div class=\"elementor-widget-container\">\n\t\t\t\t\t\t\t<div class=\"elementor-spacer\">\n\t\t\t<div class=\"elementor-spacer-inner\"><\/div>\n\t\t<\/div>\n\t\t\t\t\t\t<\/div>\n\t\t\t\t<\/div>\n\t\t\t\t\t<\/div>\n\t\t<\/div>\n\t\t\t\t\t<\/div>\n\t\t<\/section>\n\t\t\t\t<section class=\"elementor-section elementor-top-section elementor-element elementor-element-17f85a3 elementor-section-content-middle elementor-section-boxed elementor-section-height-default elementor-section-height-default\" data-id=\"17f85a3\" data-element_type=\"section\" data-e-type=\"section\">\n\t\t\t\t\t\t<div class=\"elementor-container elementor-column-gap-default\">\n\t\t\t\t\t<div class=\"elementor-column elementor-col-50 elementor-top-column elementor-element elementor-element-b22433b\" data-id=\"b22433b\" data-element_type=\"column\" data-e-type=\"column\">\n\t\t\t<div class=\"elementor-widget-wrap elementor-element-populated\">\n\t\t\t\t\t\t<div class=\"elementor-element elementor-element-d23844c divider_yes elementor-widget elementor-widget-wgl-double-headings\" data-id=\"d23844c\" data-element_type=\"widget\" data-e-type=\"widget\" data-widget_type=\"wgl-double-headings.default\">\n\t\t\t\t<div class=\"elementor-widget-container\">\n\t\t\t\t\t<div class=\"wgl-double_heading aleft\">                <h3 class=\"dbl-title_wrapper\"><span class=\"dbl-title dbl-title_1\">Preguntas <br>\ny Respuestas<\/span>                 <\/h3>        <\/div>\t\t\t\t<\/div>\n\t\t\t\t<\/div>\n\t\t\t\t<div class=\"elementor-element elementor-element-6ece577 elementor-widget elementor-widget-text-editor\" data-id=\"6ece577\" data-element_type=\"widget\" data-e-type=\"widget\" data-widget_type=\"text-editor.default\">\n\t\t\t\t<div class=\"elementor-widget-container\">\n\t\t\t\t\t\t\t\t\t<p>Haga click sobre la pregunta sobre la que requiera m\u00e1s informaci\u00f3n.<\/p>\t\t\t\t\t\t\t\t<\/div>\n\t\t\t\t<\/div>\n\t\t\t\t<div class=\"elementor-element elementor-element-77c9659 elementor-widget elementor-widget-wgl-button\" data-id=\"77c9659\" data-element_type=\"widget\" data-e-type=\"widget\" data-widget_type=\"wgl-button.default\">\n\t\t\t\t<div class=\"elementor-widget-container\">\n\t\t\t\t\t\t\t<div class=\"elementor-button-wrapper elementor-button-icon\">\r\n\t\t\t<a href=\"https:\/\/cpgcolombia.org\/index.php\/centro-de-contacto\/\" class=\"elementor-button-link wgl-button elementor-button elementor-size-xl elementor-animation-\" role=\"button\">\t\t\t\t<div class=\"elementor-button-content-wrapper elementor-align-icon-\">\r\n\t\t\t\t\t\t\t\t\t\t<span class=\"elementor-button-text\">Cont\u00e1ctenos<\/span>\r\n\t\t\t\t<\/div><\/a>\r\n\t\t<\/div>\r\n\t\t\t\t\t\t<\/div>\n\t\t\t\t<\/div>\n\t\t\t\t\t<\/div>\n\t\t<\/div>\n\t\t\t\t<div class=\"elementor-column elementor-col-50 elementor-top-column elementor-element elementor-element-8d82a92\" data-id=\"8d82a92\" data-element_type=\"column\" data-e-type=\"column\">\n\t\t\t<div class=\"elementor-widget-wrap elementor-element-populated\">\n\t\t\t\t\t\t<div class=\"elementor-element elementor-element-e0ae99c elementor-widget elementor-widget-wgl-toggle-accordion\" data-id=\"e0ae99c\" data-element_type=\"widget\" data-e-type=\"widget\" data-widget_type=\"wgl-toggle-accordion.default\">\n\t\t\t\t<div class=\"elementor-widget-container\">\n\t\t\t\t\t        <div class=\"wgl-accordion icon-def\" id=\"wgl-accordion-e0ae99c\" data-type=\"accordion\">\r\n\r\n                            <div class=\"wgl-accordion_panel\">\r\n                    <h4 id=\"wgl-accordion_header-2351\" class=\"wgl-accordion_header\" data-default=\"yes\">\r\n                        <span class=\"wgl-accordion_title\">\u00bfC\u00f3mo solicitar un Certificado de Vigencia y Antecedentes disciplinarios?<\/span>\r\n                        <i class=\"wgl-accordion_icon \"><\/i>                    <\/h4>\r\n                    <div class=\"wgl-accordion_content\"><p><span style=\"font-weight: 400;\">La certificaci\u00f3n debe ser descargada por medio de nuestra p\u00e1gina en el siguiente <\/span><span style=\"font-weight: 400;\">link <a href=\"https:\/\/cpgcolombia.org\/index.php\/certificaciones\/\">https:\/\/cpgcolombia.org\/index.php\/certificaciones\/<\/a>, la cual ser\u00e1 enviada de manera autom\u00e1tica al email registrado al momento de diligenciar la solicitud.<\/span><\/p><\/div>\r\n                <\/div>\r\n                            <div class=\"wgl-accordion_panel\">\r\n                    <h4 id=\"wgl-accordion_header-2352\" class=\"wgl-accordion_header\" data-default=\"no\">\r\n                        <span class=\"wgl-accordion_title\">\u00bfC\u00f3mo pagar los tr\u00e1mites en el CPG?<\/span>\r\n                        <i class=\"wgl-accordion_icon \"><\/i>                    <\/h4>\r\n                    <div class=\"wgl-accordion_content\"><p><span>Los pagos deben realizarse a trav\u00e9s del bot\u00f3n de pagos PSE.<\/span><\/p><p>AvalPay es una plataforma segura de pagos en l\u00ednea ofrecida por el Grupo Aval, por medio de la cual podr\u00e1 realizar los pagos en l\u00ednea de los tr\u00e1mites del Consejo Profesional de Geolog\u00eda.<\/p><p>AvalPay utiliza protocolos de seguridad certificados y encriptaci\u00f3n de datos para garantizar la confidencialidad de su informaci\u00f3n personal y financiera.<\/p><p><strong>Puede pagar con:<\/strong><\/p><ul><li>Transferencias electr\u00f3nicas desde bancos afiliados al Grupo Aval<\/li><\/ul><p><strong>\u00bfHay alg\u00fan costo adicional por pagar con AvalPay?<\/strong><\/p><p>No. El Consejo Profesional de Geolog\u00eda no cobra tarifas adicionales por el uso de AvalPay. Sin embargo, su entidad financiera podr\u00eda aplicar cargos seg\u00fan su pol\u00edtica de servicios.<\/p><p><strong>\u00bfC\u00f3mo s\u00e9 si mi pago fue exitoso?<\/strong><\/p><p>Al finalizar la transacci\u00f3n, recibir\u00e1 una notificaci\u00f3n en pantalla y un correo electr\u00f3nico con el comprobante del pago. Adem\u00e1s, puede verificar el estado del tr\u00e1mite en su perfil dentro de la web del Consejo.<\/p><p><strong>\u00bfQu\u00e9 hago si el pago no se refleja o tengo un error?<\/strong><\/p><p>Si el pago no aparece reflejado en su cuenta o recibe un mensaje de error, por favor:<\/p><ul><li>Verifique su correo por si lleg\u00f3 el comprobante.<\/li><li>Espere unos minutos y vuelva a revisar.<\/li><li>Si persiste el problema, comun\u00edquese con soporte t\u00e9cnico del Consejo Profesional de Geolog\u00eda o directamente con AvalPay.<\/li><\/ul><p><strong>\u00bfPuedo hacer pagos desde el exterior?<\/strong><\/p><p>Por el momento, AvalPay est\u00e1 habilitado \u00fanicamente para pagos realizados desde cuentas y tarjetas emitidas en Colombia.<\/p><p><strong>\u00bfD\u00f3nde puedo encontrar los t\u00e9rminos y condiciones completos de AvalPay?<\/strong><\/p><p>Puede consultarlos directamente en el sitio web oficial de <a href=\"https:\/\/www.avalpaycenter.com\/wps\/portal\/portal-de-pagos\/web\/pagos-aval\" target=\"_blank\" rel=\"noopener\">AvalPay<\/a> o acceder<\/p><p>al enlace proporcionado durante el proceso de pago.<\/p><p><span>Para casos excepcionales, cuando el solicitante no posea cuentas bancarias en Colombia, podr\u00e1 solicitar un enlace para pago con tarjeta de cr\u00e9dito escribiendo al correo<\/span><span>\u00a0<\/span><strong><a rel=\"noopener\">secretaria@cpgcolombia.<wbr \/>org<\/a><\/strong><span>. Esta opci\u00f3n est\u00e1 disponible \u00fanicamente para solicitantes extranjeros que est\u00e9n tramitando la Licencia Especial Temporal (LET).<\/span><\/p><\/div>\r\n                <\/div>\r\n                            <div class=\"wgl-accordion_panel\">\r\n                    <h4 id=\"wgl-accordion_header-2353\" class=\"wgl-accordion_header\" data-default=\"no\">\r\n                        <span class=\"wgl-accordion_title\">\u00bfCu\u00e1ndo y c\u00f3mo se aplican los descuentos?<\/span>\r\n                        <i class=\"wgl-accordion_icon \"><\/i>                    <\/h4>\r\n                    <div class=\"wgl-accordion_content\"><ol><li>Se otorga un 15 % de descuento en la Matr\u00edcula Profesional Definitiva (MPD) cuando la solicitud se presenta ante el CPG dentro de los 90 d\u00edas siguientes a la fecha de grado, seg\u00fan la Resoluci\u00f3n No. D-020 de 2023. Este descuento se aplica autom\u00e1ticamente al diligenciar el formulario de registro, siempre que se incluya correctamente la fecha de grado. El sistema verificar\u00e1 esta informaci\u00f3n y aplicar\u00e1 el descuento si corresponde.<\/li><li>Se concede un 50 % de descuento en la Licencia Especial Temporal (LET) y sus renovaciones a solicitantes extranjeros que cuenten con visa de docencia universitaria vigente y cuyo ejercicio profesional consista en la docencia mediante contrato con una universidad colombiana, conforme a la Resoluci\u00f3n D-019 de 2023.<\/li><\/ol><\/div>\r\n                <\/div>\r\n                            <div class=\"wgl-accordion_panel\">\r\n                    <h4 id=\"wgl-accordion_header-2354\" class=\"wgl-accordion_header\" data-default=\"no\">\r\n                        <span class=\"wgl-accordion_title\">\u00bfPor qu\u00e9 no se entrega el carnet en f\u00edsico?<\/span>\r\n                        <i class=\"wgl-accordion_icon \"><\/i>                    <\/h4>\r\n                    <div class=\"wgl-accordion_content\"><p><span style=\"font-weight: 400;\">A partir del 26 de abril de 2021, el CPG dio inicio a la expedici\u00f3n digital de los carnets de identificaci\u00f3n Profesional referentes a la Matr\u00edcula Profesional Definitiva, Provisional, Licencias y Duplicados. Esta implementaci\u00f3n, en cumplimiento del Decreto 2106 del 2019 de la Ley Antitr\u00e1mites, la cual ordena la desmaterializaci\u00f3n de los documentos en f\u00edsico, permiti\u00f3 la agilizaci\u00f3n de los tr\u00e1mites.<\/span><\/p><p><span style=\"font-weight: 400;\">Dicho carnet se env\u00eda v\u00eda correo electr\u00f3nico a los Ge\u00f3logos Matriculados. Este cuenta con filtros de seguridad desde su dise\u00f1o hasta su c\u00f3digo QR, con el cual el Ge\u00f3logo obtiene acceso directo a la certificaci\u00f3n que da cuenta de su inscripci\u00f3n en el consejo y si presenta o no antecedentes disciplinarios para el ejercicio de la profesi\u00f3n.<\/span><\/p><\/div>\r\n                <\/div>\r\n                            <div class=\"wgl-accordion_panel\">\r\n                    <h4 id=\"wgl-accordion_header-2355\" class=\"wgl-accordion_header\" data-default=\"no\">\r\n                        <span class=\"wgl-accordion_title\">\u00bfD\u00f3nde presentar el examen de Geolog\u00eda de Colombia?<\/span>\r\n                        <i class=\"wgl-accordion_icon \"><\/i>                    <\/h4>\r\n                    <div class=\"wgl-accordion_content\"><p><span style=\"font-weight: 400;\">El examen de Geolog\u00eda de Colombia puede ser solicitado y presentado en alguna de las siguientes escuelas de Geolog\u00eda:<br \/><\/span><span style=\"font-weight: 400;\">- Universidad Nacional de Colombia \/ Sede Bogot\u00e1<br \/>- Universidad Industrial de Santander (UIS)<br \/>- Universidad de Caldas <br \/>- Universidad de Pamplona<br \/>- Universidad EAFIT<br \/>- Universidad de los Andes<br \/>- Universidad del Norte\u00a0<\/span><\/p><p><span style=\"font-weight: 400;\">Mientras se cumple el anterior procedimiento, que puede llegar a durar un semestre, el Consejo puede expedir una Matr\u00edcula Profesional Provisional, cuya vigencia es de dos (2) a\u00f1os.<\/span><\/p><\/div>\r\n                <\/div>\r\n                            <div class=\"wgl-accordion_panel\">\r\n                    <h4 id=\"wgl-accordion_header-2356\" class=\"wgl-accordion_header\" data-default=\"no\">\r\n                        <span class=\"wgl-accordion_title\">\u00bfCu\u00e1nto cuesta una Matr\u00edcula Profesional Definitiva?<\/span>\r\n                        <i class=\"wgl-accordion_icon \"><\/i>                    <\/h4>\r\n                    <div class=\"wgl-accordion_content\"><p><span style=\"font-weight: 400;\">El costo de la Matr\u00edcula Profesional Definitiva (MPD) es de un salario m\u00ednimo mensual vigente.<\/span><\/p><\/div>\r\n                <\/div>\r\n                            <div class=\"wgl-accordion_panel\">\r\n                    <h4 id=\"wgl-accordion_header-2357\" class=\"wgl-accordion_header\" data-default=\"no\">\r\n                        <span class=\"wgl-accordion_title\">\u00bfLa Matr\u00edcula se entrega de manera f\u00edsica?<\/span>\r\n                        <i class=\"wgl-accordion_icon \"><\/i>                    <\/h4>\r\n                    <div class=\"wgl-accordion_content\"><p><span style=\"font-weight: 400;\">La Matr\u00edcula y el Carnet se env\u00edan en formato digital al correo registrado al momento de la solicitud. Si Usted desea la entrega de la Matr\u00edcula en f\u00edsico, debe elevarnos una solicitud al correo <\/span><a href=\"mailto:secretaria@cpgcolombia.org\"><span style=\"font-weight: 400;\">secretaria@cpgcolombia.org<\/span><\/a><span style=\"font-weight: 400;\">. Esta ser\u00e1 enviada a la direcci\u00f3n suministrada por el solicitante, quien deber\u00e1 asumir los costos de env\u00edo. <\/span><\/p><\/div>\r\n                <\/div>\r\n                            <div class=\"wgl-accordion_panel\">\r\n                    <h4 id=\"wgl-accordion_header-2358\" class=\"wgl-accordion_header\" data-default=\"no\">\r\n                        <span class=\"wgl-accordion_title\">\u00bfC\u00f3mo solicitar la renovaci\u00f3n de una Licencia Especial Temporal?<\/span>\r\n                        <i class=\"wgl-accordion_icon \"><\/i>                    <\/h4>\r\n                    <div class=\"wgl-accordion_content\"><p><span style=\"font-weight: 400;\">Si usted desea renovar su Licencia Especial Temporal (LET), deber\u00e1 dirigir la solicitud al correo <\/span><a href=\"mailto:secretaria@cpgcolombia.org\"><span style=\"font-weight: 400;\">secretaria@cpgcolombia.org<\/span><\/a><span style=\"font-weight: 400;\">. Como respuesta, se le enviar\u00e1 el formulario correspondiente para su diligenciamiento.\u00a0<\/span><\/p><p><span style=\"font-weight: 400;\">Deber\u00e1 enviarnos el formulario, junto con los documentos solicitados. Una vez aprobado el tr\u00e1mite, se le enviar\u00e1 su licencia v\u00eda correo electr\u00f3nico.<\/span><\/p><\/div>\r\n                <\/div>\r\n            \r\n        <\/div>\r\n        \t\t\t\t<\/div>\n\t\t\t\t<\/div>\n\t\t\t\t\t<\/div>\n\t\t<\/div>\n\t\t\t\t\t<\/div>\n\t\t<\/section>\n\t\t\t\t<section class=\"elementor-section elementor-top-section elementor-element elementor-element-1d1da25 elementor-section-boxed elementor-section-height-default elementor-section-height-default\" data-id=\"1d1da25\" data-element_type=\"section\" data-e-type=\"section\">\n\t\t\t\t\t\t<div class=\"elementor-container elementor-column-gap-default\">\n\t\t\t\t\t<div class=\"elementor-column elementor-col-100 elementor-top-column elementor-element elementor-element-58441f5\" data-id=\"58441f5\" data-element_type=\"column\" data-e-type=\"column\">\n\t\t\t<div class=\"elementor-widget-wrap elementor-element-populated\">\n\t\t\t\t\t\t<div class=\"elementor-element elementor-element-46d9620 elementor-widget elementor-widget-spacer\" data-id=\"46d9620\" data-element_type=\"widget\" data-e-type=\"widget\" data-widget_type=\"spacer.default\">\n\t\t\t\t<div class=\"elementor-widget-container\">\n\t\t\t\t\t\t\t<div class=\"elementor-spacer\">\n\t\t\t<div class=\"elementor-spacer-inner\"><\/div>\n\t\t<\/div>\n\t\t\t\t\t\t<\/div>\n\t\t\t\t<\/div>\n\t\t\t\t\t<\/div>\n\t\t<\/div>\n\t\t\t\t\t<\/div>\n\t\t<\/section>\n\t\t\t\t<\/div>\n\t\t","protected":false},"excerpt":{"rendered":"<p>Preguntas y Respuestas Haga click sobre la pregunta sobre la que requiera m\u00e1s informaci\u00f3n. Cont\u00e1ctenos \u00bfC\u00f3mo solicitar un Certificado de Vigencia y Antecedentes disciplinarios? La certificaci\u00f3n debe ser descargada por medio de nuestra p\u00e1gina en el siguiente link https:\/\/cpgcolombia.org\/index.php\/certificaciones\/, la cual ser\u00e1 enviada de manera autom\u00e1tica al email registrado al momento de diligenciar la solicitud. [&hellip;]<\/p>\n","protected":false},"author":3,"featured_media":0,"parent":0,"menu_order":0,"comment_status":"closed","ping_status":"closed","template":"","meta":{"_joinchat":[],"footnotes":""},"class_list":["post-5509","page","type-page","status-publish","hentry"],"_links":{"self":[{"href":"https:\/\/cpgcolombia.org\/index.php\/wp-json\/wp\/v2\/pages\/5509","targetHints":{"allow":["GET"]}}],"collection":[{"href":"https:\/\/cpgcolombia.org\/index.php\/wp-json\/wp\/v2\/pages"}],"about":[{"href":"https:\/\/cpgcolombia.org\/index.php\/wp-json\/wp\/v2\/types\/page"}],"author":[{"embeddable":true,"href":"https:\/\/cpgcolombia.org\/index.php\/wp-json\/wp\/v2\/users\/3"}],"replies":[{"embeddable":true,"href":"https:\/\/cpgcolombia.org\/index.php\/wp-json\/wp\/v2\/comments?post=5509"}],"version-history":[{"count":11,"href":"https:\/\/cpgcolombia.org\/index.php\/wp-json\/wp\/v2\/pages\/5509\/revisions"}],"predecessor-version":[{"id":5652,"href":"https:\/\/cpgcolombia.org\/index.php\/wp-json\/wp\/v2\/pages\/5509\/revisions\/5652"}],"wp:attachment":[{"href":"https:\/\/cpgcolombia.org\/index.php\/wp-json\/wp\/v2\/media?parent=5509"}],"curies":[{"name":"wp","href":"https:\/\/api.w.org\/{rel}","templated":true}]}}