{"id":5489,"date":"2025-03-26T23:49:07","date_gmt":"2025-03-26T23:49:07","guid":{"rendered":"https:\/\/cpgcolombia.org\/?page_id=5489"},"modified":"2025-03-26T23:49:40","modified_gmt":"2025-03-26T23:49:40","slug":"resoluciones-especiales","status":"publish","type":"page","link":"https:\/\/cpgcolombia.org\/index.php\/resoluciones-especiales\/","title":{"rendered":"Resoluciones Especiales"},"content":{"rendered":"\t\t<div data-elementor-type=\"wp-page\" data-elementor-id=\"5489\" class=\"elementor elementor-5489\">\n\t\t\t\t\t\t<section class=\"elementor-section elementor-top-section elementor-element elementor-element-3bdd913 elementor-section-boxed elementor-section-height-default elementor-section-height-default\" data-id=\"3bdd913\" data-element_type=\"section\" data-e-type=\"section\">\n\t\t\t\t\t\t<div class=\"elementor-container elementor-column-gap-default\">\n\t\t\t\t\t<div class=\"elementor-column elementor-col-50 elementor-top-column elementor-element elementor-element-389cb41\" data-id=\"389cb41\" data-element_type=\"column\" data-e-type=\"column\">\n\t\t\t<div class=\"elementor-widget-wrap elementor-element-populated\">\n\t\t\t\t\t\t<div class=\"elementor-element elementor-element-85e3cd6 elementor-widget elementor-widget-image\" data-id=\"85e3cd6\" data-element_type=\"widget\" data-e-type=\"widget\" data-widget_type=\"image.default\">\n\t\t\t\t<div class=\"elementor-widget-container\">\n\t\t\t\t\t\t\t\t\t\t\t\t\t\t\t<img fetchpriority=\"high\" decoding=\"async\" width=\"1024\" height=\"579\" src=\"https:\/\/cpgcolombia.org\/app\/uploads\/2025\/03\/Resolucion_Especial_02-2025_img_destacada-min-1024x579.jpg\" class=\"attachment-large size-large wp-image-5481\" alt=\"\" srcset=\"https:\/\/cpgcolombia.org\/app\/uploads\/2025\/03\/Resolucion_Especial_02-2025_img_destacada-min-1024x579.jpg 1024w, https:\/\/cpgcolombia.org\/app\/uploads\/2025\/03\/Resolucion_Especial_02-2025_img_destacada-min-300x170.jpg 300w, https:\/\/cpgcolombia.org\/app\/uploads\/2025\/03\/Resolucion_Especial_02-2025_img_destacada-min-768x434.jpg 768w, https:\/\/cpgcolombia.org\/app\/uploads\/2025\/03\/Resolucion_Especial_02-2025_img_destacada-min.jpg 1080w\" sizes=\"(max-width: 1024px) 100vw, 1024px\" \/>\t\t\t\t\t\t\t\t\t\t\t\t\t\t\t<\/div>\n\t\t\t\t<\/div>\n\t\t\t\t<div class=\"elementor-element elementor-element-b6e9bdc elementor-widget elementor-widget-heading\" data-id=\"b6e9bdc\" data-element_type=\"widget\" data-e-type=\"widget\" data-widget_type=\"heading.default\">\n\t\t\t\t<div class=\"elementor-widget-container\">\n\t\t\t\t\t<h4 class=\"elementor-heading-title elementor-size-default\">Resoluci\u00f3n Especial No. 02-25<\/h4>\t\t\t\t<\/div>\n\t\t\t\t<\/div>\n\t\t\t\t<div class=\"elementor-element elementor-element-88251c2 elementor-align-center elementor-widget elementor-widget-button\" data-id=\"88251c2\" data-element_type=\"widget\" data-e-type=\"widget\" data-widget_type=\"button.default\">\n\t\t\t\t<div class=\"elementor-widget-container\">\n\t\t\t\t\t\t\t\t\t<div class=\"elementor-button-wrapper\">\n\t\t\t\t\t<a class=\"elementor-button elementor-button-link elementor-size-sm\" href=\"https:\/\/cpgcolombia.org\/app\/uploads\/2025\/03\/Resolucion_Especial_02-2025.pdf\" target=\"_blank\">\n\t\t\t\t\t\t<span class=\"elementor-button-content-wrapper\">\n\t\t\t\t\t\t\t\t\t<span class=\"elementor-button-text\">Ver Resoluci\u00f3n Especial en PDF<\/span>\n\t\t\t\t\t<\/span>\n\t\t\t\t\t<\/a>\n\t\t\t\t<\/div>\n\t\t\t\t\t\t\t\t<\/div>\n\t\t\t\t<\/div>\n\t\t\t\t\t<\/div>\n\t\t<\/div>\n\t\t\t\t<div class=\"elementor-column elementor-col-50 elementor-top-column elementor-element elementor-element-f138d5e\" data-id=\"f138d5e\" data-element_type=\"column\" data-e-type=\"column\">\n\t\t\t<div class=\"elementor-widget-wrap elementor-element-populated\">\n\t\t\t\t\t\t<div class=\"elementor-element elementor-element-4d58119 elementor-widget elementor-widget-image\" data-id=\"4d58119\" data-element_type=\"widget\" data-e-type=\"widget\" data-widget_type=\"image.default\">\n\t\t\t\t<div class=\"elementor-widget-container\">\n\t\t\t\t\t\t\t\t\t\t\t\t\t\t\t<img decoding=\"async\" width=\"1024\" height=\"579\" src=\"https:\/\/cpgcolombia.org\/app\/uploads\/2025\/03\/Resolucion_Especial_01-2025_img_destacada-min-1024x579.jpg\" class=\"attachment-large size-large wp-image-5478\" alt=\"\" srcset=\"https:\/\/cpgcolombia.org\/app\/uploads\/2025\/03\/Resolucion_Especial_01-2025_img_destacada-min-1024x579.jpg 1024w, https:\/\/cpgcolombia.org\/app\/uploads\/2025\/03\/Resolucion_Especial_01-2025_img_destacada-min-300x170.jpg 300w, https:\/\/cpgcolombia.org\/app\/uploads\/2025\/03\/Resolucion_Especial_01-2025_img_destacada-min-768x434.jpg 768w, https:\/\/cpgcolombia.org\/app\/uploads\/2025\/03\/Resolucion_Especial_01-2025_img_destacada-min.jpg 1080w\" sizes=\"(max-width: 1024px) 100vw, 1024px\" \/>\t\t\t\t\t\t\t\t\t\t\t\t\t\t\t<\/div>\n\t\t\t\t<\/div>\n\t\t\t\t<div class=\"elementor-element elementor-element-6017cd4 elementor-widget elementor-widget-heading\" data-id=\"6017cd4\" data-element_type=\"widget\" data-e-type=\"widget\" data-widget_type=\"heading.default\">\n\t\t\t\t<div class=\"elementor-widget-container\">\n\t\t\t\t\t<h4 class=\"elementor-heading-title elementor-size-default\">Resoluci\u00f3n Especial No. 01-25<\/h4>\t\t\t\t<\/div>\n\t\t\t\t<\/div>\n\t\t\t\t<div class=\"elementor-element elementor-element-90080be elementor-align-center elementor-widget elementor-widget-button\" data-id=\"90080be\" data-element_type=\"widget\" data-e-type=\"widget\" data-widget_type=\"button.default\">\n\t\t\t\t<div class=\"elementor-widget-container\">\n\t\t\t\t\t\t\t\t\t<div class=\"elementor-button-wrapper\">\n\t\t\t\t\t<a class=\"elementor-button elementor-button-link elementor-size-sm\" href=\"https:\/\/cpgcolombia.org\/app\/uploads\/2025\/03\/Resolucion_Especial_01-2025.pdf\" target=\"_blank\">\n\t\t\t\t\t\t<span class=\"elementor-button-content-wrapper\">\n\t\t\t\t\t\t\t\t\t<span class=\"elementor-button-text\">Ver Resoluci\u00f3n Especial en PDF<\/span>\n\t\t\t\t\t<\/span>\n\t\t\t\t\t<\/a>\n\t\t\t\t<\/div>\n\t\t\t\t\t\t\t\t<\/div>\n\t\t\t\t<\/div>\n\t\t\t\t\t<\/div>\n\t\t<\/div>\n\t\t\t\t\t<\/div>\n\t\t<\/section>\n\t\t\t\t<\/div>\n\t\t","protected":false},"excerpt":{"rendered":"<p>Resoluci\u00f3n Especial No. 02-25 Ver Resoluci\u00f3n Especial en PDF Resoluci\u00f3n Especial No. 01-25 Ver Resoluci\u00f3n Especial en PDF<\/p>\n","protected":false},"author":3,"featured_media":0,"parent":0,"menu_order":0,"comment_status":"closed","ping_status":"closed","template":"","meta":{"_joinchat":[],"footnotes":""},"class_list":["post-5489","page","type-page","status-publish","hentry"],"_links":{"self":[{"href":"https:\/\/cpgcolombia.org\/index.php\/wp-json\/wp\/v2\/pages\/5489","targetHints":{"allow":["GET"]}}],"collection":[{"href":"https:\/\/cpgcolombia.org\/index.php\/wp-json\/wp\/v2\/pages"}],"about":[{"href":"https:\/\/cpgcolombia.org\/index.php\/wp-json\/wp\/v2\/types\/page"}],"author":[{"embeddable":true,"href":"https:\/\/cpgcolombia.org\/index.php\/wp-json\/wp\/v2\/users\/3"}],"replies":[{"embeddable":true,"href":"https:\/\/cpgcolombia.org\/index.php\/wp-json\/wp\/v2\/comments?post=5489"}],"version-history":[{"count":4,"href":"https:\/\/cpgcolombia.org\/index.php\/wp-json\/wp\/v2\/pages\/5489\/revisions"}],"predecessor-version":[{"id":5493,"href":"https:\/\/cpgcolombia.org\/index.php\/wp-json\/wp\/v2\/pages\/5489\/revisions\/5493"}],"wp:attachment":[{"href":"https:\/\/cpgcolombia.org\/index.php\/wp-json\/wp\/v2\/media?parent=5489"}],"curies":[{"name":"wp","href":"https:\/\/api.w.org\/{rel}","templated":true}]}}