{"id":4802,"date":"2023-12-22T21:00:12","date_gmt":"2023-12-22T21:00:12","guid":{"rendered":"https:\/\/cpgcolombia.org\/?page_id=4802"},"modified":"2023-12-23T02:27:51","modified_gmt":"2023-12-23T02:27:51","slug":"boletin-terra-8","status":"publish","type":"page","link":"https:\/\/cpgcolombia.org\/index.php\/boletin-terra-8\/","title":{"rendered":"Bolet\u00edn TERRA 8"},"content":{"rendered":"\t\t<div data-elementor-type=\"wp-page\" data-elementor-id=\"4802\" class=\"elementor elementor-4802\">\n\t\t\t\t\t\t<section class=\"elementor-section elementor-top-section elementor-element elementor-element-43ea0a9 elementor-section-boxed elementor-section-height-default elementor-section-height-default\" data-id=\"43ea0a9\" data-element_type=\"section\" data-e-type=\"section\">\n\t\t\t\t\t\t<div class=\"elementor-container elementor-column-gap-default\">\n\t\t\t\t\t<div class=\"elementor-column elementor-col-100 elementor-top-column elementor-element elementor-element-4b3fcbe\" data-id=\"4b3fcbe\" data-element_type=\"column\" data-e-type=\"column\">\n\t\t\t<div class=\"elementor-widget-wrap\">\n\t\t\t\t\t\t\t<\/div>\n\t\t<\/div>\n\t\t\t\t\t<\/div>\n\t\t<\/section>\n\t\t\t\t<section class=\"elementor-section elementor-top-section elementor-element elementor-element-290c170 elementor-section-boxed elementor-section-height-default elementor-section-height-default\" data-id=\"290c170\" data-element_type=\"section\" data-e-type=\"section\">\n\t\t\t\t\t\t<div class=\"elementor-container elementor-column-gap-default\">\n\t\t\t\t\t<div class=\"elementor-column elementor-col-100 elementor-top-column elementor-element elementor-element-8ea1d48\" data-id=\"8ea1d48\" data-element_type=\"column\" data-e-type=\"column\">\n\t\t\t<div class=\"elementor-widget-wrap elementor-element-populated\">\n\t\t\t\t\t\t<div class=\"elementor-element elementor-element-3da11b3 elementor-widget elementor-widget-text-editor\" data-id=\"3da11b3\" data-element_type=\"widget\" data-e-type=\"widget\" data-widget_type=\"text-editor.default\">\n\t\t\t\t<div class=\"elementor-widget-container\">\n\t\t\t\t\t\t\t\t\t<h1 class=\"blog-post_title\">BOLET\u00cdN TERRA #8<\/h1><div class=\"elementor elementor-2530\" data-elementor-type=\"wp-post\" data-elementor-id=\"2530\"><div class=\"elementor-inner\"><div class=\"elementor-section-wrap\"><section class=\"elementor-section elementor-top-section elementor-element elementor-element-136fbb23 elementor-section-boxed elementor-section-height-default elementor-section-height-default\" data-id=\"136fbb23\" data-element_type=\"section\"><div class=\"elementor-container elementor-column-gap-default\"><div class=\"elementor-row\"><div class=\"elementor-column elementor-col-100 elementor-top-column elementor-element elementor-element-6db83a83\" data-id=\"6db83a83\" data-element_type=\"column\"><div class=\"elementor-column-wrap elementor-element-populated\"><div class=\"elementor-widget-wrap\"><div class=\"elementor-element elementor-element-53fe1fcf elementor-widget elementor-widget-text-editor\" data-id=\"53fe1fcf\" data-element_type=\"widget\" data-widget_type=\"text-editor.default\"><div class=\"elementor-widget-container\"><div class=\"elementor-text-editor elementor-clearfix\"><p>Bienvenidos a la cuarta entrega del a\u00f1o de nuestro <strong>Bolet\u00edn<\/strong> <strong>Terra #8 de Diciembre 2023<\/strong><\/p><\/div><\/div><\/div><\/div><\/div><\/div><\/div><\/div><\/section><\/div><\/div><\/div>\t\t\t\t\t\t\t\t<\/div>\n\t\t\t\t<\/div>\n\t\t\t\t<div class=\"elementor-element elementor-element-070149e elementor-arrows-position-inside elementor-pagination-position-outside elementor-widget elementor-widget-image-carousel\" data-id=\"070149e\" data-element_type=\"widget\" data-e-type=\"widget\" data-settings=\"{&quot;slides_to_show&quot;:&quot;1&quot;,&quot;navigation&quot;:&quot;both&quot;,&quot;autoplay&quot;:&quot;yes&quot;,&quot;pause_on_hover&quot;:&quot;yes&quot;,&quot;pause_on_interaction&quot;:&quot;yes&quot;,&quot;autoplay_speed&quot;:5000,&quot;infinite&quot;:&quot;yes&quot;,&quot;effect&quot;:&quot;slide&quot;,&quot;speed&quot;:500}\" data-widget_type=\"image-carousel.default\">\n\t\t\t\t<div class=\"elementor-widget-container\">\n\t\t\t\t\t\t\t<div class=\"elementor-image-carousel-wrapper swiper\" role=\"region\" aria-roledescription=\"carousel\" aria-label=\"Image Carousel\" dir=\"ltr\">\n\t\t\t<div class=\"elementor-image-carousel swiper-wrapper swiper-image-stretch\" aria-live=\"off\">\n\t\t\t\t\t\t\t\t<div class=\"swiper-slide\" role=\"group\" aria-roledescription=\"slide\" aria-label=\"1 of 28\"><figure class=\"swiper-slide-inner\"><img decoding=\"async\" class=\"swiper-slide-image\" src=\"https:\/\/cpgcolombia.org\/app\/uploads\/2023\/12\/Terra_08_2023_01-min.jpg\" alt=\"Terra_08_2023_01-min\" \/><\/figure><\/div><div class=\"swiper-slide\" role=\"group\" aria-roledescription=\"slide\" aria-label=\"2 of 28\"><figure class=\"swiper-slide-inner\"><img decoding=\"async\" class=\"swiper-slide-image\" src=\"https:\/\/cpgcolombia.org\/app\/uploads\/2023\/12\/Terra_08_2023_02-min.jpg\" alt=\"Terra_08_2023_02-min\" \/><\/figure><\/div><div class=\"swiper-slide\" role=\"group\" aria-roledescription=\"slide\" aria-label=\"3 of 28\"><figure class=\"swiper-slide-inner\"><img decoding=\"async\" class=\"swiper-slide-image\" src=\"https:\/\/cpgcolombia.org\/app\/uploads\/2023\/12\/Terra_08_2023_03-min.jpg\" alt=\"Terra_08_2023_03-min\" \/><\/figure><\/div><div class=\"swiper-slide\" role=\"group\" aria-roledescription=\"slide\" aria-label=\"4 of 28\"><figure class=\"swiper-slide-inner\"><img decoding=\"async\" class=\"swiper-slide-image\" src=\"https:\/\/cpgcolombia.org\/app\/uploads\/2023\/12\/Terra_08_2023_04-min.jpg\" alt=\"Terra_08_2023_04-min\" \/><\/figure><\/div><div class=\"swiper-slide\" role=\"group\" aria-roledescription=\"slide\" aria-label=\"5 of 28\"><figure class=\"swiper-slide-inner\"><img decoding=\"async\" class=\"swiper-slide-image\" src=\"https:\/\/cpgcolombia.org\/app\/uploads\/2023\/12\/Terra_08_2023_05-min.jpg\" alt=\"Terra_08_2023_05-min\" \/><\/figure><\/div><div class=\"swiper-slide\" role=\"group\" aria-roledescription=\"slide\" aria-label=\"6 of 28\"><figure class=\"swiper-slide-inner\"><img decoding=\"async\" class=\"swiper-slide-image\" src=\"https:\/\/cpgcolombia.org\/app\/uploads\/2023\/12\/Terra_08_2023_06-min.jpg\" alt=\"Terra_08_2023_06-min\" \/><\/figure><\/div><div class=\"swiper-slide\" role=\"group\" aria-roledescription=\"slide\" aria-label=\"7 of 28\"><figure class=\"swiper-slide-inner\"><img decoding=\"async\" class=\"swiper-slide-image\" src=\"https:\/\/cpgcolombia.org\/app\/uploads\/2023\/12\/Terra_08_2023_07-min.jpg\" alt=\"Terra_08_2023_07-min\" \/><\/figure><\/div><div class=\"swiper-slide\" role=\"group\" aria-roledescription=\"slide\" aria-label=\"8 of 28\"><figure class=\"swiper-slide-inner\"><img decoding=\"async\" class=\"swiper-slide-image\" src=\"https:\/\/cpgcolombia.org\/app\/uploads\/2023\/12\/Terra_08_2023_08-min.jpg\" alt=\"Terra_08_2023_08-min\" \/><\/figure><\/div><div class=\"swiper-slide\" role=\"group\" aria-roledescription=\"slide\" aria-label=\"9 of 28\"><figure class=\"swiper-slide-inner\"><img decoding=\"async\" class=\"swiper-slide-image\" src=\"https:\/\/cpgcolombia.org\/app\/uploads\/2023\/12\/Terra_08_2023_09-min.jpg\" alt=\"Terra_08_2023_09-min\" \/><\/figure><\/div><div class=\"swiper-slide\" role=\"group\" aria-roledescription=\"slide\" aria-label=\"10 of 28\"><figure class=\"swiper-slide-inner\"><img decoding=\"async\" class=\"swiper-slide-image\" src=\"https:\/\/cpgcolombia.org\/app\/uploads\/2023\/12\/Terra_08_2023_10-min.jpg\" alt=\"Terra_08_2023_10-min\" \/><\/figure><\/div><div class=\"swiper-slide\" role=\"group\" aria-roledescription=\"slide\" aria-label=\"11 of 28\"><figure class=\"swiper-slide-inner\"><img decoding=\"async\" class=\"swiper-slide-image\" src=\"https:\/\/cpgcolombia.org\/app\/uploads\/2023\/12\/Terra_08_2023_11-min.jpg\" alt=\"Terra_08_2023_11-min\" \/><\/figure><\/div><div class=\"swiper-slide\" role=\"group\" aria-roledescription=\"slide\" aria-label=\"12 of 28\"><figure class=\"swiper-slide-inner\"><img decoding=\"async\" class=\"swiper-slide-image\" src=\"https:\/\/cpgcolombia.org\/app\/uploads\/2023\/12\/Terra_08_2023_12-min.jpg\" alt=\"Terra_08_2023_12-min\" \/><\/figure><\/div><div class=\"swiper-slide\" role=\"group\" aria-roledescription=\"slide\" aria-label=\"13 of 28\"><figure class=\"swiper-slide-inner\"><img decoding=\"async\" class=\"swiper-slide-image\" src=\"https:\/\/cpgcolombia.org\/app\/uploads\/2023\/12\/Terra_08_2023_13-min.jpg\" alt=\"Terra_08_2023_13-min\" \/><\/figure><\/div><div class=\"swiper-slide\" role=\"group\" aria-roledescription=\"slide\" aria-label=\"14 of 28\"><figure class=\"swiper-slide-inner\"><img decoding=\"async\" class=\"swiper-slide-image\" src=\"https:\/\/cpgcolombia.org\/app\/uploads\/2023\/12\/Terra_08_2023_14-min.jpg\" alt=\"Terra_08_2023_14-min\" \/><\/figure><\/div><div class=\"swiper-slide\" role=\"group\" aria-roledescription=\"slide\" aria-label=\"15 of 28\"><figure class=\"swiper-slide-inner\"><img decoding=\"async\" class=\"swiper-slide-image\" src=\"https:\/\/cpgcolombia.org\/app\/uploads\/2023\/12\/Terra_08_2023_15-min.jpg\" alt=\"Terra_08_2023_15-min\" \/><\/figure><\/div><div class=\"swiper-slide\" role=\"group\" aria-roledescription=\"slide\" aria-label=\"16 of 28\"><figure class=\"swiper-slide-inner\"><img decoding=\"async\" class=\"swiper-slide-image\" src=\"https:\/\/cpgcolombia.org\/app\/uploads\/2023\/12\/Terra_08_2023_16_01-min.jpg\" alt=\"Terra_08_2023_16_01-min\" \/><\/figure><\/div><div class=\"swiper-slide\" role=\"group\" aria-roledescription=\"slide\" aria-label=\"17 of 28\"><figure class=\"swiper-slide-inner\"><img decoding=\"async\" class=\"swiper-slide-image\" src=\"https:\/\/cpgcolombia.org\/app\/uploads\/2023\/12\/Terra_08_2023_17-min.jpg\" alt=\"Terra_08_2023_17-min\" \/><\/figure><\/div><div class=\"swiper-slide\" role=\"group\" aria-roledescription=\"slide\" aria-label=\"18 of 28\"><figure class=\"swiper-slide-inner\"><img decoding=\"async\" class=\"swiper-slide-image\" src=\"https:\/\/cpgcolombia.org\/app\/uploads\/2023\/12\/Terra_08_2023_18-min.jpg\" alt=\"Terra_08_2023_18-min\" \/><\/figure><\/div><div class=\"swiper-slide\" role=\"group\" aria-roledescription=\"slide\" aria-label=\"19 of 28\"><figure class=\"swiper-slide-inner\"><img decoding=\"async\" class=\"swiper-slide-image\" src=\"https:\/\/cpgcolombia.org\/app\/uploads\/2023\/12\/Terra_08_2023_19-min.jpg\" alt=\"Terra_08_2023_19-min\" \/><\/figure><\/div><div class=\"swiper-slide\" role=\"group\" aria-roledescription=\"slide\" aria-label=\"20 of 28\"><figure class=\"swiper-slide-inner\"><img decoding=\"async\" class=\"swiper-slide-image\" src=\"https:\/\/cpgcolombia.org\/app\/uploads\/2023\/12\/Terra_08_2023_20-min.jpg\" alt=\"Terra_08_2023_20-min\" \/><\/figure><\/div><div class=\"swiper-slide\" role=\"group\" aria-roledescription=\"slide\" aria-label=\"21 of 28\"><figure class=\"swiper-slide-inner\"><img decoding=\"async\" class=\"swiper-slide-image\" src=\"https:\/\/cpgcolombia.org\/app\/uploads\/2023\/12\/Terra_08_2023_21-min.jpg\" alt=\"Terra_08_2023_21-min\" \/><\/figure><\/div><div class=\"swiper-slide\" role=\"group\" aria-roledescription=\"slide\" aria-label=\"22 of 28\"><figure class=\"swiper-slide-inner\"><img decoding=\"async\" class=\"swiper-slide-image\" src=\"https:\/\/cpgcolombia.org\/app\/uploads\/2023\/12\/Terra_08_2023_22-min.jpg\" alt=\"Terra_08_2023_22-min\" \/><\/figure><\/div><div class=\"swiper-slide\" role=\"group\" aria-roledescription=\"slide\" aria-label=\"23 of 28\"><figure class=\"swiper-slide-inner\"><img decoding=\"async\" class=\"swiper-slide-image\" src=\"https:\/\/cpgcolombia.org\/app\/uploads\/2023\/12\/Terra_08_2023_23-min.jpg\" alt=\"Terra_08_2023_23-min\" \/><\/figure><\/div><div class=\"swiper-slide\" role=\"group\" aria-roledescription=\"slide\" aria-label=\"24 of 28\"><figure class=\"swiper-slide-inner\"><img decoding=\"async\" class=\"swiper-slide-image\" src=\"https:\/\/cpgcolombia.org\/app\/uploads\/2023\/12\/Terra_08_2023_24-min.jpg\" alt=\"Terra_08_2023_24-min\" \/><\/figure><\/div><div class=\"swiper-slide\" role=\"group\" aria-roledescription=\"slide\" aria-label=\"25 of 28\"><figure class=\"swiper-slide-inner\"><img decoding=\"async\" class=\"swiper-slide-image\" src=\"https:\/\/cpgcolombia.org\/app\/uploads\/2023\/12\/Terra_08_2023_25-min.jpg\" alt=\"Terra_08_2023_25-min\" \/><\/figure><\/div><div class=\"swiper-slide\" role=\"group\" aria-roledescription=\"slide\" aria-label=\"26 of 28\"><figure class=\"swiper-slide-inner\"><img decoding=\"async\" class=\"swiper-slide-image\" src=\"https:\/\/cpgcolombia.org\/app\/uploads\/2023\/12\/Terra_08_2023_26-min.jpg\" alt=\"Terra_08_2023_26-min\" \/><\/figure><\/div><div class=\"swiper-slide\" role=\"group\" aria-roledescription=\"slide\" aria-label=\"27 of 28\"><figure class=\"swiper-slide-inner\"><img decoding=\"async\" class=\"swiper-slide-image\" src=\"https:\/\/cpgcolombia.org\/app\/uploads\/2023\/12\/Terra_08_2023_27-min.jpg\" alt=\"Terra_08_2023_27-min\" \/><\/figure><\/div><div class=\"swiper-slide\" role=\"group\" aria-roledescription=\"slide\" aria-label=\"28 of 28\"><figure class=\"swiper-slide-inner\"><img decoding=\"async\" class=\"swiper-slide-image\" src=\"https:\/\/cpgcolombia.org\/app\/uploads\/2023\/12\/Terra_08_2023_28-min.jpg\" alt=\"Terra_08_2023_28-min\" \/><\/figure><\/div>\t\t\t<\/div>\n\t\t\t\t\t\t\t\t\t\t\t\t<div class=\"elementor-swiper-button elementor-swiper-button-prev\" role=\"button\" tabindex=\"0\">\n\t\t\t\t\t\t<i aria-hidden=\"true\" class=\"eicon-chevron-left\"><\/i>\t\t\t\t\t<\/div>\n\t\t\t\t\t<div class=\"elementor-swiper-button elementor-swiper-button-next\" role=\"button\" tabindex=\"0\">\n\t\t\t\t\t\t<i aria-hidden=\"true\" class=\"eicon-chevron-right\"><\/i>\t\t\t\t\t<\/div>\n\t\t\t\t\n\t\t\t\t\t\t\t\t\t<div class=\"swiper-pagination\"><\/div>\n\t\t\t\t\t\t\t\t\t<\/div>\n\t\t\t\t\t\t<\/div>\n\t\t\t\t<\/div>\n\t\t\t\t<div class=\"elementor-element elementor-element-58057dd elementor-widget elementor-widget-button\" data-id=\"58057dd\" data-element_type=\"widget\" data-e-type=\"widget\" data-widget_type=\"button.default\">\n\t\t\t\t<div class=\"elementor-widget-container\">\n\t\t\t\t\t\t\t\t\t<div class=\"elementor-button-wrapper\">\n\t\t\t\t\t<a class=\"elementor-button elementor-button-link elementor-size-sm\" href=\"https:\/\/cpgcolombia.org\/app\/uploads\/2023\/12\/Terra_08_2023.pdf\" target=\"_blank\">\n\t\t\t\t\t\t<span class=\"elementor-button-content-wrapper\">\n\t\t\t\t\t\t\t\t\t<span class=\"elementor-button-text\">Ver el Bolet\u00edn No. 8 en PDF<\/span>\n\t\t\t\t\t<\/span>\n\t\t\t\t\t<\/a>\n\t\t\t\t<\/div>\n\t\t\t\t\t\t\t\t<\/div>\n\t\t\t\t<\/div>\n\t\t\t\t<div class=\"elementor-element elementor-element-3a4e92b elementor-widget elementor-widget-spacer\" data-id=\"3a4e92b\" data-element_type=\"widget\" data-e-type=\"widget\" data-widget_type=\"spacer.default\">\n\t\t\t\t<div class=\"elementor-widget-container\">\n\t\t\t\t\t\t\t<div class=\"elementor-spacer\">\n\t\t\t<div class=\"elementor-spacer-inner\"><\/div>\n\t\t<\/div>\n\t\t\t\t\t\t<\/div>\n\t\t\t\t<\/div>\n\t\t\t\t\t<\/div>\n\t\t<\/div>\n\t\t\t\t\t<\/div>\n\t\t<\/section>\n\t\t\t\t<section class=\"elementor-section elementor-top-section elementor-element elementor-element-0ed8d51 elementor-section-boxed elementor-section-height-default elementor-section-height-default\" data-id=\"0ed8d51\" data-element_type=\"section\" data-e-type=\"section\">\n\t\t\t\t\t\t<div class=\"elementor-container elementor-column-gap-default\">\n\t\t\t\t\t<div class=\"elementor-column elementor-col-100 elementor-top-column elementor-element elementor-element-8217ac1\" data-id=\"8217ac1\" data-element_type=\"column\" data-e-type=\"column\">\n\t\t\t<div class=\"elementor-widget-wrap\">\n\t\t\t\t\t\t\t<\/div>\n\t\t<\/div>\n\t\t\t\t\t<\/div>\n\t\t<\/section>\n\t\t\t\t<\/div>\n\t\t","protected":false},"excerpt":{"rendered":"<p>BOLET\u00cdN TERRA #8 Bienvenidos a la cuarta entrega del a\u00f1o de nuestro Bolet\u00edn Terra #8 de Diciembre 2023 Previous Next Ver el Bolet\u00edn No. 8 en PDF<\/p>\n","protected":false},"author":3,"featured_media":0,"parent":0,"menu_order":0,"comment_status":"closed","ping_status":"closed","template":"","meta":{"_joinchat":[],"footnotes":""},"class_list":["post-4802","page","type-page","status-publish","hentry"],"_links":{"self":[{"href":"https:\/\/cpgcolombia.org\/index.php\/wp-json\/wp\/v2\/pages\/4802","targetHints":{"allow":["GET"]}}],"collection":[{"href":"https:\/\/cpgcolombia.org\/index.php\/wp-json\/wp\/v2\/pages"}],"about":[{"href":"https:\/\/cpgcolombia.org\/index.php\/wp-json\/wp\/v2\/types\/page"}],"author":[{"embeddable":true,"href":"https:\/\/cpgcolombia.org\/index.php\/wp-json\/wp\/v2\/users\/3"}],"replies":[{"embeddable":true,"href":"https:\/\/cpgcolombia.org\/index.php\/wp-json\/wp\/v2\/comments?post=4802"}],"version-history":[{"count":22,"href":"https:\/\/cpgcolombia.org\/index.php\/wp-json\/wp\/v2\/pages\/4802\/revisions"}],"predecessor-version":[{"id":4894,"href":"https:\/\/cpgcolombia.org\/index.php\/wp-json\/wp\/v2\/pages\/4802\/revisions\/4894"}],"wp:attachment":[{"href":"https:\/\/cpgcolombia.org\/index.php\/wp-json\/wp\/v2\/media?parent=4802"}],"curies":[{"name":"wp","href":"https:\/\/api.w.org\/{rel}","templated":true}]}}