{"id":3653,"date":"2022-09-21T21:34:48","date_gmt":"2022-09-21T21:34:48","guid":{"rendered":"https:\/\/cpgcolombia.org\/?page_id=3653"},"modified":"2025-08-01T14:13:06","modified_gmt":"2025-08-01T14:13:06","slug":"ley-9-de-1974","status":"publish","type":"page","link":"https:\/\/cpgcolombia.org\/index.php\/ley-9-de-1974\/","title":{"rendered":"Ley 9 de 1974"},"content":{"rendered":"\t\t<div data-elementor-type=\"wp-page\" data-elementor-id=\"3653\" class=\"elementor elementor-3653\">\n\t\t\t\t\t\t<section class=\"elementor-section elementor-top-section elementor-element elementor-element-090358c elementor-section-boxed elementor-section-height-default elementor-section-height-default\" data-id=\"090358c\" data-element_type=\"section\" data-e-type=\"section\" data-settings=\"{&quot;background_background&quot;:&quot;classic&quot;}\">\n\t\t\t\t\t\t<div class=\"elementor-container elementor-column-gap-default\">\n\t\t\t\t\t<div class=\"elementor-column elementor-col-50 elementor-top-column elementor-element elementor-element-51399b4\" data-id=\"51399b4\" data-element_type=\"column\" data-e-type=\"column\">\n\t\t\t<div class=\"elementor-widget-wrap elementor-element-populated\">\n\t\t\t\t\t\t<div class=\"elementor-element elementor-element-f19f6a7 elementor-widget elementor-widget-heading\" data-id=\"f19f6a7\" data-element_type=\"widget\" data-e-type=\"widget\" data-widget_type=\"heading.default\">\n\t\t\t\t<div class=\"elementor-widget-container\">\n\t\t\t\t\t<h2 class=\"elementor-heading-title elementor-size-default\">Ley 9 de 1974<\/h2>\t\t\t\t<\/div>\n\t\t\t\t<\/div>\n\t\t\t\t\t<\/div>\n\t\t<\/div>\n\t\t\t\t<div class=\"elementor-column elementor-col-50 elementor-top-column elementor-element elementor-element-c28c813\" data-id=\"c28c813\" data-element_type=\"column\" data-e-type=\"column\">\n\t\t\t<div class=\"elementor-widget-wrap elementor-element-populated\">\n\t\t\t\t\t\t<div class=\"elementor-element elementor-element-138f50d elementor-widget elementor-widget-text-editor\" data-id=\"138f50d\" data-element_type=\"widget\" data-e-type=\"widget\" data-widget_type=\"text-editor.default\">\n\t\t\t\t<div class=\"elementor-widget-container\">\n\t\t\t\t\t\t\t\t\t<h4><span>\u201cPor la cual se reglamenta el ejercicio de la profesi\u00f3n de Ge\u00f3logo y se dictan otras disposiciones.\u201d<\/span><\/h4>\t\t\t\t\t\t\t\t<\/div>\n\t\t\t\t<\/div>\n\t\t\t\t\t<\/div>\n\t\t<\/div>\n\t\t\t\t\t<\/div>\n\t\t<\/section>\n\t\t\t\t<section class=\"elementor-section elementor-top-section elementor-element elementor-element-1972291 elementor-section-boxed elementor-section-height-default elementor-section-height-default\" data-id=\"1972291\" data-element_type=\"section\" data-e-type=\"section\">\n\t\t\t\t\t\t<div class=\"elementor-container elementor-column-gap-default\">\n\t\t\t\t\t<div class=\"elementor-column elementor-col-100 elementor-top-column elementor-element elementor-element-8cd4ee2\" data-id=\"8cd4ee2\" data-element_type=\"column\" data-e-type=\"column\">\n\t\t\t<div class=\"elementor-widget-wrap elementor-element-populated\">\n\t\t\t\t\t\t<div class=\"elementor-element elementor-element-ae1cd69 elementor-widget elementor-widget-spacer\" data-id=\"ae1cd69\" data-element_type=\"widget\" data-e-type=\"widget\" data-widget_type=\"spacer.default\">\n\t\t\t\t<div class=\"elementor-widget-container\">\n\t\t\t\t\t\t\t<div class=\"elementor-spacer\">\n\t\t\t<div class=\"elementor-spacer-inner\"><\/div>\n\t\t<\/div>\n\t\t\t\t\t\t<\/div>\n\t\t\t\t<\/div>\n\t\t\t\t\t<\/div>\n\t\t<\/div>\n\t\t\t\t\t<\/div>\n\t\t<\/section>\n\t\t\t\t<section class=\"elementor-section elementor-top-section elementor-element elementor-element-2130035 elementor-section-boxed elementor-section-height-default elementor-section-height-default\" data-id=\"2130035\" data-element_type=\"section\" data-e-type=\"section\">\n\t\t\t\t\t\t<div class=\"elementor-container elementor-column-gap-default\">\n\t\t\t\t\t<div class=\"elementor-column elementor-col-50 elementor-top-column elementor-element elementor-element-98b63b5\" data-id=\"98b63b5\" data-element_type=\"column\" data-e-type=\"column\">\n\t\t\t<div class=\"elementor-widget-wrap elementor-element-populated\">\n\t\t\t\t\t\t<div class=\"elementor-element elementor-element-5311b9d elementor-widget elementor-widget-heading\" data-id=\"5311b9d\" data-element_type=\"widget\" data-e-type=\"widget\" data-widget_type=\"heading.default\">\n\t\t\t\t<div class=\"elementor-widget-container\">\n\t\t\t\t\t<h2 class=\"elementor-heading-title elementor-size-default\">Art\u00edculo 9\u00ba<\/h2>\t\t\t\t<\/div>\n\t\t\t\t<\/div>\n\t\t\t\t<div class=\"elementor-element elementor-element-068bd95 elementor-widget elementor-widget-text-editor\" data-id=\"068bd95\" data-element_type=\"widget\" data-e-type=\"widget\" data-widget_type=\"text-editor.default\">\n\t\t\t\t<div class=\"elementor-widget-container\">\n\t\t\t\t\t\t\t\t\t<p style=\"font-weight: 400;\"><strong><span>\u00a0 <\/span><\/strong>Ni el Estado ni los particulares podr\u00e1n contratar bajo ninguna forma a personas naturales para desempe\u00f1ar funciones propias de Ge\u00f3logos, si estas no han acreditado previamente su matr\u00edcula de tales o en su defecto dispongan de la autorizaci\u00f3n para el ejercicio profesional expedida por el Consejo Profesional de Geolog\u00eda, o a personas jur\u00eddicas si \u00e9stas no est\u00e1n formadas por ge\u00f3logos matriculados o autorizados.<\/p><p style=\"font-weight: 400;\">Los actos o contratos que celebren el Estado o los establecimientos p\u00fablicos descentralizados contraviniendo esta disposici\u00f3n ser\u00e1n nulos.<\/p>\t\t\t\t\t\t\t\t<\/div>\n\t\t\t\t<\/div>\n\t\t\t\t\t<\/div>\n\t\t<\/div>\n\t\t\t\t<div class=\"elementor-column elementor-col-50 elementor-top-column elementor-element elementor-element-9b60ae4\" data-id=\"9b60ae4\" data-element_type=\"column\" data-e-type=\"column\">\n\t\t\t<div class=\"elementor-widget-wrap elementor-element-populated\">\n\t\t\t\t\t\t<div class=\"elementor-element elementor-element-47d4140 elementor-widget elementor-widget-image\" data-id=\"47d4140\" data-element_type=\"widget\" data-e-type=\"widget\" data-widget_type=\"image.default\">\n\t\t\t\t<div class=\"elementor-widget-container\">\n\t\t\t\t\t\t\t\t\t\t\t\t\t\t\t<img fetchpriority=\"high\" decoding=\"async\" width=\"1024\" height=\"683\" src=\"https:\/\/cpgcolombia.org\/app\/uploads\/2022\/06\/limestone-2750965_1920-1024x683.jpg\" class=\"attachment-large size-large wp-image-2209\" alt=\"\" srcset=\"https:\/\/cpgcolombia.org\/app\/uploads\/2022\/06\/limestone-2750965_1920-1024x683.jpg 1024w, https:\/\/cpgcolombia.org\/app\/uploads\/2022\/06\/limestone-2750965_1920-300x200.jpg 300w, https:\/\/cpgcolombia.org\/app\/uploads\/2022\/06\/limestone-2750965_1920-768x512.jpg 768w, https:\/\/cpgcolombia.org\/app\/uploads\/2022\/06\/limestone-2750965_1920-1536x1024.jpg 1536w, https:\/\/cpgcolombia.org\/app\/uploads\/2022\/06\/limestone-2750965_1920.jpg 1920w\" sizes=\"(max-width: 1024px) 100vw, 1024px\" \/>\t\t\t\t\t\t\t\t\t\t\t\t\t\t\t<\/div>\n\t\t\t\t<\/div>\n\t\t\t\t\t<\/div>\n\t\t<\/div>\n\t\t\t\t\t<\/div>\n\t\t<\/section>\n\t\t\t\t<section class=\"elementor-section elementor-top-section elementor-element elementor-element-cf3d9f8 elementor-section-boxed elementor-section-height-default elementor-section-height-default\" data-id=\"cf3d9f8\" data-element_type=\"section\" data-e-type=\"section\" data-settings=\"{&quot;background_background&quot;:&quot;classic&quot;}\">\n\t\t\t\t\t\t<div class=\"elementor-container elementor-column-gap-default\">\n\t\t\t\t\t<div class=\"elementor-column elementor-col-100 elementor-top-column elementor-element elementor-element-07bea14\" data-id=\"07bea14\" data-element_type=\"column\" data-e-type=\"column\">\n\t\t\t<div class=\"elementor-widget-wrap elementor-element-populated\">\n\t\t\t\t\t\t<div class=\"elementor-element elementor-element-631626d elementor-widget elementor-widget-spacer\" data-id=\"631626d\" data-element_type=\"widget\" data-e-type=\"widget\" data-widget_type=\"spacer.default\">\n\t\t\t\t<div class=\"elementor-widget-container\">\n\t\t\t\t\t\t\t<div class=\"elementor-spacer\">\n\t\t\t<div class=\"elementor-spacer-inner\"><\/div>\n\t\t<\/div>\n\t\t\t\t\t\t<\/div>\n\t\t\t\t<\/div>\n\t\t\t\t\t<\/div>\n\t\t<\/div>\n\t\t\t\t\t<\/div>\n\t\t<\/section>\n\t\t\t\t<section class=\"elementor-section elementor-top-section elementor-element elementor-element-06973e6 elementor-section-boxed elementor-section-height-default elementor-section-height-default\" data-id=\"06973e6\" data-element_type=\"section\" data-e-type=\"section\" data-settings=\"{&quot;background_background&quot;:&quot;classic&quot;}\">\n\t\t\t\t\t\t<div class=\"elementor-container elementor-column-gap-default\">\n\t\t\t\t\t<div class=\"elementor-column elementor-col-50 elementor-top-column elementor-element elementor-element-51cf078\" data-id=\"51cf078\" data-element_type=\"column\" data-e-type=\"column\">\n\t\t\t<div class=\"elementor-widget-wrap elementor-element-populated\">\n\t\t\t\t\t\t<div class=\"elementor-element elementor-element-0c35df7 elementor-widget elementor-widget-image\" data-id=\"0c35df7\" data-element_type=\"widget\" data-e-type=\"widget\" data-widget_type=\"image.default\">\n\t\t\t\t<div class=\"elementor-widget-container\">\n\t\t\t\t\t\t\t\t\t\t\t\t\t\t\t<img decoding=\"async\" width=\"1024\" height=\"682\" src=\"https:\/\/cpgcolombia.org\/app\/uploads\/2022\/09\/geologist-1391887-Kopie-1024x682.jpg\" class=\"attachment-large size-large wp-image-3676\" alt=\"\" srcset=\"https:\/\/cpgcolombia.org\/app\/uploads\/2022\/09\/geologist-1391887-Kopie-1024x682.jpg 1024w, https:\/\/cpgcolombia.org\/app\/uploads\/2022\/09\/geologist-1391887-Kopie-300x200.jpg 300w, https:\/\/cpgcolombia.org\/app\/uploads\/2022\/09\/geologist-1391887-Kopie-768x512.jpg 768w, https:\/\/cpgcolombia.org\/app\/uploads\/2022\/09\/geologist-1391887-Kopie.jpg 1244w\" sizes=\"(max-width: 1024px) 100vw, 1024px\" \/>\t\t\t\t\t\t\t\t\t\t\t\t\t\t\t<\/div>\n\t\t\t\t<\/div>\n\t\t\t\t\t<\/div>\n\t\t<\/div>\n\t\t\t\t<div class=\"elementor-column elementor-col-50 elementor-top-column elementor-element elementor-element-99e47bd\" data-id=\"99e47bd\" data-element_type=\"column\" data-e-type=\"column\">\n\t\t\t<div class=\"elementor-widget-wrap elementor-element-populated\">\n\t\t\t\t\t\t<div class=\"elementor-element elementor-element-ea189d8 elementor-widget elementor-widget-heading\" data-id=\"ea189d8\" data-element_type=\"widget\" data-e-type=\"widget\" data-widget_type=\"heading.default\">\n\t\t\t\t<div class=\"elementor-widget-container\">\n\t\t\t\t\t<h2 class=\"elementor-heading-title elementor-size-default\">Art\u00edculo 10\u00ba<\/h2>\t\t\t\t<\/div>\n\t\t\t\t<\/div>\n\t\t\t\t<div class=\"elementor-element elementor-element-a411ac4 elementor-widget elementor-widget-text-editor\" data-id=\"a411ac4\" data-element_type=\"widget\" data-e-type=\"widget\" data-widget_type=\"text-editor.default\">\n\t\t\t\t<div class=\"elementor-widget-container\">\n\t\t\t\t\t\t\t\t\t<p><b>\u00a0 <\/b>Las empresas nacionales o extranjeras de exploraci\u00f3n, explotaci\u00f3n y servicios que a cualquier t\u00edtulo operen en el pa\u00eds y que requieran profesionales de la Geolog\u00eda emplear\u00e1n por lo menos el 70 % de ge\u00f3logos colombianos. En esta misma proporci\u00f3n se destinar\u00e1n los fondos para sueldos, prestaciones y honorarios. As\u00ed mismo los trabajos geol\u00f3gicos relacionados con Colombia deber\u00e1n ejecutarse, en lo posible dentro del pa\u00eds.<\/p>\t\t\t\t\t\t\t\t<\/div>\n\t\t\t\t<\/div>\n\t\t\t\t\t<\/div>\n\t\t<\/div>\n\t\t\t\t\t<\/div>\n\t\t<\/section>\n\t\t\t\t<section class=\"elementor-section elementor-top-section elementor-element elementor-element-4580141 elementor-section-boxed elementor-section-height-default elementor-section-height-default\" data-id=\"4580141\" data-element_type=\"section\" data-e-type=\"section\" data-settings=\"{&quot;background_background&quot;:&quot;classic&quot;}\">\n\t\t\t\t\t\t<div class=\"elementor-container elementor-column-gap-default\">\n\t\t\t\t\t<div class=\"elementor-column elementor-col-100 elementor-top-column elementor-element elementor-element-7983e73\" data-id=\"7983e73\" data-element_type=\"column\" data-e-type=\"column\">\n\t\t\t<div class=\"elementor-widget-wrap elementor-element-populated\">\n\t\t\t\t\t\t<div class=\"elementor-element elementor-element-7ed59c7 elementor-widget elementor-widget-spacer\" data-id=\"7ed59c7\" data-element_type=\"widget\" data-e-type=\"widget\" data-widget_type=\"spacer.default\">\n\t\t\t\t<div class=\"elementor-widget-container\">\n\t\t\t\t\t\t\t<div class=\"elementor-spacer\">\n\t\t\t<div class=\"elementor-spacer-inner\"><\/div>\n\t\t<\/div>\n\t\t\t\t\t\t<\/div>\n\t\t\t\t<\/div>\n\t\t\t\t\t<\/div>\n\t\t<\/div>\n\t\t\t\t\t<\/div>\n\t\t<\/section>\n\t\t\t\t<section class=\"elementor-section elementor-top-section elementor-element elementor-element-c1f3fe5 elementor-section-boxed elementor-section-height-default elementor-section-height-default\" data-id=\"c1f3fe5\" data-element_type=\"section\" data-e-type=\"section\">\n\t\t\t\t\t\t<div class=\"elementor-container elementor-column-gap-default\">\n\t\t\t\t\t<div class=\"elementor-column elementor-col-50 elementor-top-column elementor-element elementor-element-0f3f7a4\" data-id=\"0f3f7a4\" data-element_type=\"column\" data-e-type=\"column\">\n\t\t\t<div class=\"elementor-widget-wrap elementor-element-populated\">\n\t\t\t\t\t\t<div class=\"elementor-element elementor-element-352e9cd elementor-widget elementor-widget-heading\" data-id=\"352e9cd\" data-element_type=\"widget\" data-e-type=\"widget\" data-widget_type=\"heading.default\">\n\t\t\t\t<div class=\"elementor-widget-container\">\n\t\t\t\t\t<h2 class=\"elementor-heading-title elementor-size-default\">Art\u00edculo 14\u00ba<\/h2>\t\t\t\t<\/div>\n\t\t\t\t<\/div>\n\t\t\t\t<div class=\"elementor-element elementor-element-5d0c912 elementor-widget elementor-widget-text-editor\" data-id=\"5d0c912\" data-element_type=\"widget\" data-e-type=\"widget\" data-widget_type=\"text-editor.default\">\n\t\t\t\t<div class=\"elementor-widget-container\">\n\t\t\t\t\t\t\t\t\t<p><strong><span>\u00a0 <\/span><\/strong>Quien no ostente la matr\u00edcula profesional de ge\u00f3logo conforme a lo dispuesto en la presente Ley, no podr\u00e1 ejercer la profesi\u00f3n ni desempe\u00f1ar las funciones especificadas en los art\u00edculos 7\u00ba y 8\u00ba de la presente Ley, ni hacer uso del t\u00edtulo ni de otro cualquiera correspondiente a sus especializaciones ni de abreviaturas com\u00fanmente usadas para indicar tales t\u00edtulos y oficios en placas, membretes, tarjetas, anuncios avisos o publicaciones.<\/p><p>La violaci\u00f3n de esta norma ser\u00e1 sancionada de acuerdo con las disposiciones penales que rigen para el ejercicio ilegal de las profesiones.<\/p>\t\t\t\t\t\t\t\t<\/div>\n\t\t\t\t<\/div>\n\t\t\t\t\t<\/div>\n\t\t<\/div>\n\t\t\t\t<div class=\"elementor-column elementor-col-50 elementor-top-column elementor-element elementor-element-a0a3e3e\" data-id=\"a0a3e3e\" data-element_type=\"column\" data-e-type=\"column\">\n\t\t\t<div class=\"elementor-widget-wrap elementor-element-populated\">\n\t\t\t\t\t\t<div class=\"elementor-element elementor-element-9079acd elementor-widget elementor-widget-image\" data-id=\"9079acd\" data-element_type=\"widget\" data-e-type=\"widget\" data-widget_type=\"image.default\">\n\t\t\t\t<div class=\"elementor-widget-container\">\n\t\t\t\t\t\t\t\t\t\t\t\t\t\t\t<img decoding=\"async\" width=\"1024\" height=\"683\" src=\"https:\/\/cpgcolombia.org\/app\/uploads\/2022\/09\/cave-1835825-Kopie-1024x683.jpg\" class=\"attachment-large size-large wp-image-3677\" alt=\"\" srcset=\"https:\/\/cpgcolombia.org\/app\/uploads\/2022\/09\/cave-1835825-Kopie-1024x683.jpg 1024w, https:\/\/cpgcolombia.org\/app\/uploads\/2022\/09\/cave-1835825-Kopie-300x200.jpg 300w, https:\/\/cpgcolombia.org\/app\/uploads\/2022\/09\/cave-1835825-Kopie-768x512.jpg 768w, https:\/\/cpgcolombia.org\/app\/uploads\/2022\/09\/cave-1835825-Kopie.jpg 1313w\" sizes=\"(max-width: 1024px) 100vw, 1024px\" \/>\t\t\t\t\t\t\t\t\t\t\t\t\t\t\t<\/div>\n\t\t\t\t<\/div>\n\t\t\t\t\t<\/div>\n\t\t<\/div>\n\t\t\t\t\t<\/div>\n\t\t<\/section>\n\t\t\t\t<section class=\"elementor-section elementor-top-section elementor-element elementor-element-8e7aefe elementor-section-boxed elementor-section-height-default elementor-section-height-default\" data-id=\"8e7aefe\" data-element_type=\"section\" data-e-type=\"section\">\n\t\t\t\t\t\t<div class=\"elementor-container elementor-column-gap-default\">\n\t\t\t\t\t<div class=\"elementor-column elementor-col-100 elementor-top-column elementor-element elementor-element-5106114\" data-id=\"5106114\" data-element_type=\"column\" data-e-type=\"column\">\n\t\t\t<div class=\"elementor-widget-wrap elementor-element-populated\">\n\t\t\t\t\t\t<div class=\"elementor-element elementor-element-ac56a14 elementor-widget elementor-widget-spacer\" data-id=\"ac56a14\" data-element_type=\"widget\" data-e-type=\"widget\" data-widget_type=\"spacer.default\">\n\t\t\t\t<div class=\"elementor-widget-container\">\n\t\t\t\t\t\t\t<div class=\"elementor-spacer\">\n\t\t\t<div class=\"elementor-spacer-inner\"><\/div>\n\t\t<\/div>\n\t\t\t\t\t\t<\/div>\n\t\t\t\t<\/div>\n\t\t\t\t\t<\/div>\n\t\t<\/div>\n\t\t\t\t\t<\/div>\n\t\t<\/section>\n\t\t\t\t<section class=\"elementor-section elementor-top-section elementor-element elementor-element-c1e672e elementor-section-boxed elementor-section-height-default elementor-section-height-default\" data-id=\"c1e672e\" data-element_type=\"section\" data-e-type=\"section\">\n\t\t\t\t\t\t<div class=\"elementor-container elementor-column-gap-default\">\n\t\t\t\t\t<div class=\"elementor-column elementor-col-100 elementor-top-column elementor-element elementor-element-6fc086d\" data-id=\"6fc086d\" data-element_type=\"column\" data-e-type=\"column\">\n\t\t\t<div class=\"elementor-widget-wrap elementor-element-populated\">\n\t\t\t\t\t\t<div class=\"elementor-element elementor-element-3ee9915 elementor-align-center elementor-widget elementor-widget-button\" data-id=\"3ee9915\" data-element_type=\"widget\" data-e-type=\"widget\" data-widget_type=\"button.default\">\n\t\t\t\t<div class=\"elementor-widget-container\">\n\t\t\t\t\t\t\t\t\t<div class=\"elementor-button-wrapper\">\n\t\t\t\t\t<a class=\"elementor-button elementor-button-link elementor-size-sm\" href=\"https:\/\/cpgcolombia.org\/app\/uploads\/2022\/07\/ley9a1974oficial.pdf\" target=\"_blank\">\n\t\t\t\t\t\t<span class=\"elementor-button-content-wrapper\">\n\t\t\t\t\t\t\t\t\t<span class=\"elementor-button-text\">VER LA LEY 9a EN PDF<\/span>\n\t\t\t\t\t<\/span>\n\t\t\t\t\t<\/a>\n\t\t\t\t<\/div>\n\t\t\t\t\t\t\t\t<\/div>\n\t\t\t\t<\/div>\n\t\t\t\t\t<\/div>\n\t\t<\/div>\n\t\t\t\t\t<\/div>\n\t\t<\/section>\n\t\t\t\t<\/div>\n\t\t","protected":false},"excerpt":{"rendered":"<p>Ley 9 de 1974 \u201cPor la cual se reglamenta el ejercicio de la profesi\u00f3n de Ge\u00f3logo y se dictan otras disposiciones.\u201d Art\u00edculo 9\u00ba \u00a0 Ni el Estado ni los particulares podr\u00e1n contratar bajo ninguna forma a personas naturales para desempe\u00f1ar funciones propias de Ge\u00f3logos, si estas no han acreditado previamente su matr\u00edcula de tales o [&hellip;]<\/p>\n","protected":false},"author":1,"featured_media":2078,"parent":0,"menu_order":0,"comment_status":"closed","ping_status":"closed","template":"","meta":{"_joinchat":[],"footnotes":""},"class_list":["post-3653","page","type-page","status-publish","has-post-thumbnail","hentry"],"_links":{"self":[{"href":"https:\/\/cpgcolombia.org\/index.php\/wp-json\/wp\/v2\/pages\/3653","targetHints":{"allow":["GET"]}}],"collection":[{"href":"https:\/\/cpgcolombia.org\/index.php\/wp-json\/wp\/v2\/pages"}],"about":[{"href":"https:\/\/cpgcolombia.org\/index.php\/wp-json\/wp\/v2\/types\/page"}],"author":[{"embeddable":true,"href":"https:\/\/cpgcolombia.org\/index.php\/wp-json\/wp\/v2\/users\/1"}],"replies":[{"embeddable":true,"href":"https:\/\/cpgcolombia.org\/index.php\/wp-json\/wp\/v2\/comments?post=3653"}],"version-history":[{"count":29,"href":"https:\/\/cpgcolombia.org\/index.php\/wp-json\/wp\/v2\/pages\/3653\/revisions"}],"predecessor-version":[{"id":5737,"href":"https:\/\/cpgcolombia.org\/index.php\/wp-json\/wp\/v2\/pages\/3653\/revisions\/5737"}],"wp:featuredmedia":[{"embeddable":true,"href":"https:\/\/cpgcolombia.org\/index.php\/wp-json\/wp\/v2\/media\/2078"}],"wp:attachment":[{"href":"https:\/\/cpgcolombia.org\/index.php\/wp-json\/wp\/v2\/media?parent=3653"}],"curies":[{"name":"wp","href":"https:\/\/api.w.org\/{rel}","templated":true}]}}