{"id":3588,"date":"2022-08-30T15:18:59","date_gmt":"2022-08-30T15:18:59","guid":{"rendered":"https:\/\/cpgcolombia.org\/?page_id=3588"},"modified":"2025-06-03T02:24:05","modified_gmt":"2025-06-03T02:24:05","slug":"renovacion-let","status":"publish","type":"page","link":"https:\/\/cpgcolombia.org\/index.php\/renovacion-let\/","title":{"rendered":"Renovaci\u00f3n LET"},"content":{"rendered":"\t\t<div data-elementor-type=\"wp-page\" data-elementor-id=\"3588\" class=\"elementor elementor-3588\">\n\t\t\t\t\t\t<section class=\"elementor-section elementor-top-section elementor-element elementor-element-67d6852 elementor-section-boxed elementor-section-height-default elementor-section-height-default\" data-id=\"67d6852\" data-element_type=\"section\" data-e-type=\"section\">\n\t\t\t\t\t\t<div class=\"elementor-container elementor-column-gap-default\">\n\t\t\t\t\t<div class=\"elementor-column elementor-col-100 elementor-top-column elementor-element elementor-element-b897be8\" data-id=\"b897be8\" data-element_type=\"column\" data-e-type=\"column\">\n\t\t\t<div class=\"elementor-widget-wrap elementor-element-populated\">\n\t\t\t\t\t\t<div class=\"elementor-element elementor-element-419a3d3 elementor-widget elementor-widget-heading\" data-id=\"419a3d3\" data-element_type=\"widget\" data-e-type=\"widget\" data-widget_type=\"heading.default\">\n\t\t\t\t<div class=\"elementor-widget-container\">\n\t\t\t\t\t<h2 class=\"elementor-heading-title elementor-size-default\">Renovaci\u00f3n Licencia Especial Temporal<\/h2>\t\t\t\t<\/div>\n\t\t\t\t<\/div>\n\t\t\t\t<div class=\"elementor-element elementor-element-8b6a62e elementor-widget elementor-widget-text-editor\" data-id=\"8b6a62e\" data-element_type=\"widget\" data-e-type=\"widget\" data-widget_type=\"text-editor.default\">\n\t\t\t\t<div class=\"elementor-widget-container\">\n\t\t\t\t\t\t\t\t\t<p><span style=\"font-weight: 400;\">CENTRAL DE TR\u00c1MITES<\/span><\/p><p><span style=\"font-weight: 400;\">La <\/span><b>Renovaci\u00f3n de la Licencia Especial Temporal (LET)<\/b><span style=\"font-weight: 400;\"> es el tr\u00e1mite que se debe realizar antes del vencimiento de la LET otorgada, a efectos de mantener vigente la autorizaci\u00f3n para el ejercicio profesional en el territorio nacional, que se acredita mediante el Carnet de Licencia Especial Temporal donde consta la respectiva renovaci\u00f3n (en formato digital a partir del Decreto 2106 de 2019).\u00a0\u00a0<\/span><\/p><p><b>VALOR:\u00a0<br \/><\/b><span style=\"font-size: 16px; font-weight: 400; color: var( --e-global-color-text );\">6 S.M.M.L.V<\/span><\/p><p><b>Condici\u00f3n para la renovaci\u00f3n<br \/><\/b><span style=\"font-size: 16px; font-weight: 400; color: var( --e-global-color-text );\">Que la Licencia Especial temporal no se encuentre vencida.<\/span><\/p><p><b>\u00bfQu\u00e9 documentos se requieren?<\/b><\/p><ol><li><span style=\"font-size: 16px; font-weight: 400; color: var( --e-global-color-text );\">Carta de presentaci\u00f3n de la entidad empleadora con la descripci\u00f3n del trabajo.<\/span><\/li><li><span style=\"font-size: 16px; font-weight: 400; color: var( --e-global-color-text );\">Hoja de vida actualizada.<\/span><\/li><li><span style=\"font-size: 16px; font-weight: 400; color: var( --e-global-color-text );\">Pasaporte.<\/span><\/li><li><span style=\"color: var( --e-global-color-text ); font-size: 16px; font-weight: 400;\">Visa.<\/span><\/li><li>Una vez los documentos sean recibidos en el correo <a title=\"mailto:secretaria@cpgcolombia.org\" data-renderer-mark=\"true\" href=\"mailto:secretaria@cpgcolombia.org\" class=\"_mizu194a _1ah31bk5 _ra3xnqa1 _128m1bk5 _1cvmnqa1 _4davt94y _4bfu18uv _1hms8stv _ajmmnqa1 _vchhusvi _syaz14q2 _ect41gqc _1a3b18uv _4fpr8stv _5goinqa1 _f8pj14q2 _9oik18uv _1bnxglyw _jf4cnqa1 _30l314q2 _1nrm18uv _c2waglyw _1iohnqa1 _9h8h16c2 _1053w7te _1ienw7te _n0fxw7te _1vhvg3x0\"><strong data-renderer-mark=\"true\">secretaria@cpgcolombia.org<\/strong><\/a>, se habilitar\u00e1 el enlace de pago. Usted ser\u00e1 notificado por correo electr\u00f3nico cuando el enlace est\u00e9 disponible. Para gestionarlo, deber\u00e1 ingresar con el usuario creado durante su solicitud inicial de Licencia Especial Temporal. Desde all\u00ed podr\u00e1 acceder al enlace y <strong data-renderer-mark=\"true\">finalizar el pago en l\u00ednea via PSE<\/strong>.<\/li><\/ol><p><b>Esta Renovaci\u00f3n tiene una vigencia de 2 a\u00f1os.<\/b><\/p><p><b>Solic\u00edtela en el siguiente correo electr\u00f3nico<\/b><\/p><p><a href=\"mailto:secretaria@cpgcolombia.org\"><b>secretaria@cpgcolombia.org<\/b><\/a><\/p>\t\t\t\t\t\t\t\t<\/div>\n\t\t\t\t<\/div>\n\t\t\t\t\t<\/div>\n\t\t<\/div>\n\t\t\t\t\t<\/div>\n\t\t<\/section>\n\t\t\t\t<\/div>\n\t\t","protected":false},"excerpt":{"rendered":"<p>Renovaci\u00f3n Licencia Especial Temporal CENTRAL DE TR\u00c1MITES La Renovaci\u00f3n de la Licencia Especial Temporal (LET) es el tr\u00e1mite que se debe realizar antes del vencimiento de la LET otorgada, a efectos de mantener vigente la autorizaci\u00f3n para el ejercicio profesional en el territorio nacional, que se acredita mediante el Carnet de Licencia Especial Temporal donde [&hellip;]<\/p>\n","protected":false},"author":2,"featured_media":0,"parent":0,"menu_order":0,"comment_status":"closed","ping_status":"closed","template":"","meta":{"_joinchat":[],"footnotes":""},"class_list":["post-3588","page","type-page","status-publish","hentry"],"_links":{"self":[{"href":"https:\/\/cpgcolombia.org\/index.php\/wp-json\/wp\/v2\/pages\/3588","targetHints":{"allow":["GET"]}}],"collection":[{"href":"https:\/\/cpgcolombia.org\/index.php\/wp-json\/wp\/v2\/pages"}],"about":[{"href":"https:\/\/cpgcolombia.org\/index.php\/wp-json\/wp\/v2\/types\/page"}],"author":[{"embeddable":true,"href":"https:\/\/cpgcolombia.org\/index.php\/wp-json\/wp\/v2\/users\/2"}],"replies":[{"embeddable":true,"href":"https:\/\/cpgcolombia.org\/index.php\/wp-json\/wp\/v2\/comments?post=3588"}],"version-history":[{"count":20,"href":"https:\/\/cpgcolombia.org\/index.php\/wp-json\/wp\/v2\/pages\/3588\/revisions"}],"predecessor-version":[{"id":5630,"href":"https:\/\/cpgcolombia.org\/index.php\/wp-json\/wp\/v2\/pages\/3588\/revisions\/5630"}],"wp:attachment":[{"href":"https:\/\/cpgcolombia.org\/index.php\/wp-json\/wp\/v2\/media?parent=3588"}],"curies":[{"name":"wp","href":"https:\/\/api.w.org\/{rel}","templated":true}]}}