{"id":3339,"date":"2022-08-05T17:08:42","date_gmt":"2022-08-05T17:08:42","guid":{"rendered":"https:\/\/cpgcolombia.org\/?page_id=3339"},"modified":"2022-08-05T18:36:35","modified_gmt":"2022-08-05T18:36:35","slug":"boletin-terra-2","status":"publish","type":"page","link":"https:\/\/cpgcolombia.org\/index.php\/boletin-terra-2\/","title":{"rendered":"Bolet\u00edn TERRA 2"},"content":{"rendered":"\t\t<div data-elementor-type=\"wp-page\" data-elementor-id=\"3339\" class=\"elementor elementor-3339\">\n\t\t\t\t\t\t<section class=\"elementor-section elementor-top-section elementor-element elementor-element-ed2598a elementor-section-boxed elementor-section-height-default elementor-section-height-default\" data-id=\"ed2598a\" data-element_type=\"section\" data-e-type=\"section\">\n\t\t\t\t\t\t<div class=\"elementor-container elementor-column-gap-default\">\n\t\t\t\t\t<div class=\"elementor-column elementor-col-100 elementor-top-column elementor-element elementor-element-e19571d\" data-id=\"e19571d\" data-element_type=\"column\" data-e-type=\"column\">\n\t\t\t<div class=\"elementor-widget-wrap elementor-element-populated\">\n\t\t\t\t\t\t<div class=\"elementor-element elementor-element-a350c60 elementor-widget elementor-widget-text-editor\" data-id=\"a350c60\" data-element_type=\"widget\" data-e-type=\"widget\" data-widget_type=\"text-editor.default\">\n\t\t\t\t<div class=\"elementor-widget-container\">\n\t\t\t\t\t\t\t\t\t<p><span>Aqu\u00ed, la Segunda Edici\u00f3n del BOLET\u00cdN TERRA, un proyecto editorial y de comunicaci\u00f3n que se propone informar a la comunidad geol\u00f3gica colombiana sobre temas de inter\u00e9s, eventos y din\u00e1micas propias del CPG y las entidades y personas que interact\u00faan con nuestra entidad.<\/span><br \/><span>Bienvenidos al Bolet\u00edn\u00a0<\/span><strong>Terra #2 May-Jul 2022<\/strong><\/p>\t\t\t\t\t\t\t\t<\/div>\n\t\t\t\t<\/div>\n\t\t\t\t<div class=\"elementor-element elementor-element-7f9228e elementor-widget elementor-widget-button\" data-id=\"7f9228e\" data-element_type=\"widget\" data-e-type=\"widget\" data-widget_type=\"button.default\">\n\t\t\t\t<div class=\"elementor-widget-container\">\n\t\t\t\t\t\t\t\t\t<div class=\"elementor-button-wrapper\">\n\t\t\t\t\t<a class=\"elementor-button elementor-button-link elementor-size-sm\" href=\"https:\/\/cpgcolombia.org\/app\/uploads\/2022\/08\/cpg_boletin_terra_2_may2022.pdf\" target=\"_blank\">\n\t\t\t\t\t\t<span class=\"elementor-button-content-wrapper\">\n\t\t\t\t\t\t\t\t\t<span class=\"elementor-button-text\">Ver Bolet\u00edn en PDF<\/span>\n\t\t\t\t\t<\/span>\n\t\t\t\t\t<\/a>\n\t\t\t\t<\/div>\n\t\t\t\t\t\t\t\t<\/div>\n\t\t\t\t<\/div>\n\t\t\t\t\t<\/div>\n\t\t<\/div>\n\t\t\t\t\t<\/div>\n\t\t<\/section>\n\t\t\t\t<\/div>\n\t\t","protected":false},"excerpt":{"rendered":"<p>Aqu\u00ed, la Segunda Edici\u00f3n del BOLET\u00cdN TERRA, un proyecto editorial y de comunicaci\u00f3n que se propone informar a la comunidad geol\u00f3gica colombiana sobre temas de inter\u00e9s, eventos y din\u00e1micas propias del CPG y las entidades y personas que interact\u00faan con nuestra entidad.Bienvenidos al Bolet\u00edn\u00a0Terra #2 May-Jul 2022 Ver Bolet\u00edn en PDF<\/p>\n","protected":false},"author":2,"featured_media":0,"parent":0,"menu_order":0,"comment_status":"closed","ping_status":"closed","template":"","meta":{"_joinchat":[],"footnotes":""},"class_list":["post-3339","page","type-page","status-publish","hentry"],"_links":{"self":[{"href":"https:\/\/cpgcolombia.org\/index.php\/wp-json\/wp\/v2\/pages\/3339","targetHints":{"allow":["GET"]}}],"collection":[{"href":"https:\/\/cpgcolombia.org\/index.php\/wp-json\/wp\/v2\/pages"}],"about":[{"href":"https:\/\/cpgcolombia.org\/index.php\/wp-json\/wp\/v2\/types\/page"}],"author":[{"embeddable":true,"href":"https:\/\/cpgcolombia.org\/index.php\/wp-json\/wp\/v2\/users\/2"}],"replies":[{"embeddable":true,"href":"https:\/\/cpgcolombia.org\/index.php\/wp-json\/wp\/v2\/comments?post=3339"}],"version-history":[{"count":10,"href":"https:\/\/cpgcolombia.org\/index.php\/wp-json\/wp\/v2\/pages\/3339\/revisions"}],"predecessor-version":[{"id":3351,"href":"https:\/\/cpgcolombia.org\/index.php\/wp-json\/wp\/v2\/pages\/3339\/revisions\/3351"}],"wp:attachment":[{"href":"https:\/\/cpgcolombia.org\/index.php\/wp-json\/wp\/v2\/media?parent=3339"}],"curies":[{"name":"wp","href":"https:\/\/api.w.org\/{rel}","templated":true}]}}