{"id":3325,"date":"2022-08-04T19:33:10","date_gmt":"2022-08-04T19:33:10","guid":{"rendered":"https:\/\/cpgcolombia.org\/?page_id=3325"},"modified":"2022-08-04T20:13:09","modified_gmt":"2022-08-04T20:13:09","slug":"boletin-terra-1","status":"publish","type":"page","link":"https:\/\/cpgcolombia.org\/index.php\/boletin-terra-1\/","title":{"rendered":"Bolet\u00edn TERRA 1"},"content":{"rendered":"\t\t<div data-elementor-type=\"wp-page\" data-elementor-id=\"3325\" class=\"elementor elementor-3325\">\n\t\t\t\t\t\t<section class=\"elementor-section elementor-top-section elementor-element elementor-element-ee87d5b elementor-section-stretched elementor-section-boxed elementor-section-height-default elementor-section-height-default\" data-id=\"ee87d5b\" data-element_type=\"section\" data-e-type=\"section\" data-settings=\"{&quot;stretch_section&quot;:&quot;section-stretched&quot;}\">\n\t\t\t\t\t\t<div class=\"elementor-container elementor-column-gap-default\">\n\t\t\t\t\t<div class=\"elementor-column elementor-col-100 elementor-top-column elementor-element elementor-element-be9551b\" data-id=\"be9551b\" data-element_type=\"column\" data-e-type=\"column\">\n\t\t\t<div class=\"elementor-widget-wrap elementor-element-populated\">\n\t\t\t\t\t\t<div class=\"elementor-element elementor-element-6919a08 elementor-widget elementor-widget-text-editor\" data-id=\"6919a08\" data-element_type=\"widget\" data-e-type=\"widget\" data-widget_type=\"text-editor.default\">\n\t\t\t\t<div class=\"elementor-widget-container\">\n\t\t\t\t\t\t\t\t\t<p><span>\u00c9ste a\u00f1o, EL CPG se ha puesto en la tarea de realizar el BOLET\u00cdN TERRA, un proyecto editorial y de comunicaci\u00f3n que se propone informar a la comunidad geol\u00f3gica colombiana acerca de temas de inter\u00e9s, eventos y din\u00e1micas propias del CPG y las entidades y personas que interact\u00faan con nuestra entidad.<\/span><br \/><span>Bienvenidos al Bolet\u00edn\u00a0<\/span><strong>Terra #1 Febrero-Abril 2022<\/strong><\/p>\t\t\t\t\t\t\t\t<\/div>\n\t\t\t\t<\/div>\n\t\t\t\t<div class=\"elementor-element elementor-element-a4018d4 elementor-widget elementor-widget-button\" data-id=\"a4018d4\" data-element_type=\"widget\" data-e-type=\"widget\" data-widget_type=\"button.default\">\n\t\t\t\t<div class=\"elementor-widget-container\">\n\t\t\t\t\t\t\t\t\t<div class=\"elementor-button-wrapper\">\n\t\t\t\t\t<a class=\"elementor-button elementor-button-link elementor-size-sm\" href=\"https:\/\/cpgcolombia.org\/app\/uploads\/2022\/08\/cpg_boletin_terra_1_feb2022.pdf\" target=\"_blank\">\n\t\t\t\t\t\t<span class=\"elementor-button-content-wrapper\">\n\t\t\t\t\t\t\t\t\t<span class=\"elementor-button-text\">Vel el Boletin en PDF<\/span>\n\t\t\t\t\t<\/span>\n\t\t\t\t\t<\/a>\n\t\t\t\t<\/div>\n\t\t\t\t\t\t\t\t<\/div>\n\t\t\t\t<\/div>\n\t\t\t\t\t<\/div>\n\t\t<\/div>\n\t\t\t\t\t<\/div>\n\t\t<\/section>\n\t\t\t\t<\/div>\n\t\t","protected":false},"excerpt":{"rendered":"<p>\u00c9ste a\u00f1o, EL CPG se ha puesto en la tarea de realizar el BOLET\u00cdN TERRA, un proyecto editorial y de comunicaci\u00f3n que se propone informar a la comunidad geol\u00f3gica colombiana acerca de temas de inter\u00e9s, eventos y din\u00e1micas propias del CPG y las entidades y personas que interact\u00faan con nuestra entidad.Bienvenidos al Bolet\u00edn\u00a0Terra #1 Febrero-Abril [&hellip;]<\/p>\n","protected":false},"author":2,"featured_media":0,"parent":0,"menu_order":0,"comment_status":"closed","ping_status":"closed","template":"","meta":{"_joinchat":[],"footnotes":""},"class_list":["post-3325","page","type-page","status-publish","hentry"],"_links":{"self":[{"href":"https:\/\/cpgcolombia.org\/index.php\/wp-json\/wp\/v2\/pages\/3325","targetHints":{"allow":["GET"]}}],"collection":[{"href":"https:\/\/cpgcolombia.org\/index.php\/wp-json\/wp\/v2\/pages"}],"about":[{"href":"https:\/\/cpgcolombia.org\/index.php\/wp-json\/wp\/v2\/types\/page"}],"author":[{"embeddable":true,"href":"https:\/\/cpgcolombia.org\/index.php\/wp-json\/wp\/v2\/users\/2"}],"replies":[{"embeddable":true,"href":"https:\/\/cpgcolombia.org\/index.php\/wp-json\/wp\/v2\/comments?post=3325"}],"version-history":[{"count":4,"href":"https:\/\/cpgcolombia.org\/index.php\/wp-json\/wp\/v2\/pages\/3325\/revisions"}],"predecessor-version":[{"id":3331,"href":"https:\/\/cpgcolombia.org\/index.php\/wp-json\/wp\/v2\/pages\/3325\/revisions\/3331"}],"wp:attachment":[{"href":"https:\/\/cpgcolombia.org\/index.php\/wp-json\/wp\/v2\/media?parent=3325"}],"curies":[{"name":"wp","href":"https:\/\/api.w.org\/{rel}","templated":true}]}}